{"id":2946,"date":"2024-11-25T00:03:10","date_gmt":"2024-11-25T00:03:10","guid":{"rendered":"https:\/\/residencialsananselmo.com\/?page_id=2946"},"modified":"2024-11-25T02:46:45","modified_gmt":"2024-11-25T02:46:45","slug":"country-houses","status":"publish","type":"page","link":"https:\/\/residencialsananselmo.com\/en\/country-houses\/","title":{"rendered":"Country Houses"},"content":{"rendered":"\t\t<div data-elementor-type=\"wp-page\" data-elementor-id=\"2946\" class=\"elementor elementor-2946\">\n\t\t\t\t<div class=\"elementor-element elementor-element-10da007 e-flex e-con-boxed e-con e-parent\" data-id=\"10da007\" data-element_type=\"container\" data-e-type=\"container\" data-settings=\"{&quot;background_background&quot;:&quot;classic&quot;}\">\n\t\t\t\t\t<div class=\"e-con-inner\">\n\t\t\t\t<div class=\"elementor-element elementor-element-5d2c56b elementor-widget elementor-widget-image\" data-id=\"5d2c56b\" data-element_type=\"widget\" data-e-type=\"widget\" data-widget_type=\"image.default\">\n\t\t\t\t<div class=\"elementor-widget-container\">\n\t\t\t\t\t\t\t\t\t\t\t\t\t\t\t<img fetchpriority=\"high\" decoding=\"async\" width=\"1024\" height=\"512\" src=\"https:\/\/residencialsananselmo.com\/wp-content\/uploads\/2024\/11\/countryhouses-1024x512.png\" class=\"attachment-large size-large wp-image-2878\" alt=\"\" srcset=\"https:\/\/residencialsananselmo.com\/wp-content\/uploads\/2024\/11\/countryhouses-1024x512.png 1024w, https:\/\/residencialsananselmo.com\/wp-content\/uploads\/2024\/11\/countryhouses-300x150.png 300w, https:\/\/residencialsananselmo.com\/wp-content\/uploads\/2024\/11\/countryhouses-768x384.png 768w, https:\/\/residencialsananselmo.com\/wp-content\/uploads\/2024\/11\/countryhouses-1536x768.png 1536w, https:\/\/residencialsananselmo.com\/wp-content\/uploads\/2024\/11\/countryhouses-18x9.png 18w, https:\/\/residencialsananselmo.com\/wp-content\/uploads\/2024\/11\/countryhouses.png 1563w\" sizes=\"(max-width: 1024px) 100vw, 1024px\" \/>\t\t\t\t\t\t\t\t\t\t\t\t\t\t\t<\/div>\n\t\t\t\t<\/div>\n\t\t\t\t<div class=\"elementor-element elementor-element-b08b361 elementor-widget elementor-widget-text-editor\" data-id=\"b08b361\" data-element_type=\"widget\" data-e-type=\"widget\" data-widget_type=\"text-editor.default\">\n\t\t\t\t<div class=\"elementor-widget-container\">\n\t\t\t\t\t\t\t\t\t<p>\u00a0Sum\u00e9rgete en un estilo de vida \u00fanico con nuestras Country Houses, dise\u00f1adas para quienes buscan tranquilidad, comodidad y conexi\u00f3n con la naturaleza. Rodeadas de paisajes espectaculares, cada casa ofrece un equilibrio perfecto entre dise\u00f1o r\u00fastico y moderno, pensado para que disfrutes de cada momento en un espacio lleno de armon\u00eda.<\/p>\t\t\t\t\t\t\t\t<\/div>\n\t\t\t\t<\/div>\n\t\t\t\t<div class=\"elementor-element elementor-element-1c5f79d elementor-widget elementor-widget-image\" data-id=\"1c5f79d\" data-element_type=\"widget\" data-e-type=\"widget\" data-widget_type=\"image.default\">\n\t\t\t\t<div class=\"elementor-widget-container\">\n\t\t\t\t\t\t\t\t\t\t\t\t\t\t\t<img decoding=\"async\" width=\"1024\" height=\"512\" src=\"https:\/\/residencialsananselmo.com\/wp-content\/uploads\/2024\/11\/firma-1024x512.png\" class=\"attachment-large size-large wp-image-2881\" alt=\"\" srcset=\"https:\/\/residencialsananselmo.com\/wp-content\/uploads\/2024\/11\/firma-1024x512.png 1024w, https:\/\/residencialsananselmo.com\/wp-content\/uploads\/2024\/11\/firma-300x150.png 300w, https:\/\/residencialsananselmo.com\/wp-content\/uploads\/2024\/11\/firma-768x384.png 768w, https:\/\/residencialsananselmo.com\/wp-content\/uploads\/2024\/11\/firma-1536x768.png 1536w, https:\/\/residencialsananselmo.com\/wp-content\/uploads\/2024\/11\/firma-18x9.png 18w, https:\/\/residencialsananselmo.com\/wp-content\/uploads\/2024\/11\/firma.png 1563w\" sizes=\"(max-width: 1024px) 100vw, 1024px\" \/>\t\t\t\t\t\t\t\t\t\t\t\t\t\t\t<\/div>\n\t\t\t\t<\/div>\n\t\t\t\t\t<\/div>\n\t\t\t\t<\/div>\n\t\t<div class=\"elementor-element elementor-element-dac63a2 e-flex e-con-boxed e-con e-parent\" data-id=\"dac63a2\" data-element_type=\"container\" data-e-type=\"container\" data-settings=\"{&quot;background_background&quot;:&quot;classic&quot;}\">\n\t\t\t\t\t<div class=\"e-con-inner\">\n\t\t\t\t<div class=\"elementor-element elementor-element-1a0e59c elementor-widget elementor-widget-heading\" data-id=\"1a0e59c\" data-element_type=\"widget\" data-e-type=\"widget\" data-widget_type=\"heading.default\">\n\t\t\t\t<div class=\"elementor-widget-container\">\n\t\t\t\t\t<h2 class=\"elementor-heading-title elementor-size-default\">Modelos de Country Houses<\/h2>\t\t\t\t<\/div>\n\t\t\t\t<\/div>\n\t\t\t\t\t<\/div>\n\t\t\t\t<\/div>\n\t\t<div class=\"elementor-element elementor-element-d4ebb1f e-con-full e-flex e-con e-parent\" data-id=\"d4ebb1f\" data-element_type=\"container\" data-e-type=\"container\">\n\t\t<div class=\"elementor-element elementor-element-5fd2f28 e-grid e-con-full e-con e-child\" data-id=\"5fd2f28\" data-element_type=\"container\" data-e-type=\"container\">\n\t\t<a class=\"elementor-element elementor-element-acc7166 e-con-full e-flex e-con e-child\" data-id=\"acc7166\" data-element_type=\"container\" data-e-type=\"container\" data-settings=\"{&quot;background_background&quot;:&quot;classic&quot;}\" href=\"https:\/\/residencialsananselmo.com\/modelo-1\/\">\n\t\t\t\t<div class=\"elementor-element elementor-element-f3c6962 elementor-widget elementor-widget-heading\" data-id=\"f3c6962\" data-element_type=\"widget\" data-e-type=\"widget\" id=\"txtmodelo1\" data-widget_type=\"heading.default\">\n\t\t\t\t<div class=\"elementor-widget-container\">\n\t\t\t\t\t<h2 class=\"elementor-heading-title elementor-size-default\">Modelo 1<\/h2>\t\t\t\t<\/div>\n\t\t\t\t<\/div>\n\t\t\t\t<\/a>\n\t\t<a class=\"elementor-element elementor-element-783752c e-con-full e-flex e-con e-child\" data-id=\"783752c\" data-element_type=\"container\" data-e-type=\"container\" data-settings=\"{&quot;background_background&quot;:&quot;classic&quot;}\" href=\"https:\/\/residencialsananselmo.com\/modelo-2\/\">\n\t\t\t\t<div class=\"elementor-element elementor-element-3a981ed elementor-widget elementor-widget-heading\" data-id=\"3a981ed\" data-element_type=\"widget\" data-e-type=\"widget\" id=\"txtmodelo2\" data-widget_type=\"heading.default\">\n\t\t\t\t<div class=\"elementor-widget-container\">\n\t\t\t\t\t<h2 class=\"elementor-heading-title elementor-size-default\">Modelo 2<\/h2>\t\t\t\t<\/div>\n\t\t\t\t<\/div>\n\t\t\t\t<\/a>\n\t\t<a class=\"elementor-element elementor-element-4dfcc9c e-con-full e-flex e-con e-child\" data-id=\"4dfcc9c\" data-element_type=\"container\" data-e-type=\"container\" data-settings=\"{&quot;background_background&quot;:&quot;classic&quot;}\" href=\"https:\/\/residencialsananselmo.com\/modelo-3\/\">\n\t\t\t\t<div class=\"elementor-element elementor-element-93cf251 elementor-widget elementor-widget-heading\" data-id=\"93cf251\" data-element_type=\"widget\" data-e-type=\"widget\" id=\"txtmodelo3\" data-widget_type=\"heading.default\">\n\t\t\t\t<div class=\"elementor-widget-container\">\n\t\t\t\t\t<h2 class=\"elementor-heading-title elementor-size-default\">Modelo 3<\/h2>\t\t\t\t<\/div>\n\t\t\t\t<\/div>\n\t\t\t\t<\/a>\n\t\t<a class=\"elementor-element elementor-element-0230e70 e-con-full e-flex e-con e-child\" data-id=\"0230e70\" data-element_type=\"container\" data-e-type=\"container\" data-settings=\"{&quot;background_background&quot;:&quot;classic&quot;}\" href=\"https:\/\/residencialsananselmo.com\/modelo-4\/\">\n\t\t\t\t<div class=\"elementor-element elementor-element-8622179 elementor-widget elementor-widget-heading\" data-id=\"8622179\" data-element_type=\"widget\" data-e-type=\"widget\" id=\"txtmodelo4\" data-widget_type=\"heading.default\">\n\t\t\t\t<div class=\"elementor-widget-container\">\n\t\t\t\t\t<h2 class=\"elementor-heading-title elementor-size-default\">Modelo 4<\/h2>\t\t\t\t<\/div>\n\t\t\t\t<\/div>\n\t\t\t\t<\/a>\n\t\t<a class=\"elementor-element elementor-element-259ad17 e-con-full e-flex e-con e-child\" data-id=\"259ad17\" data-element_type=\"container\" data-e-type=\"container\" data-settings=\"{&quot;background_background&quot;:&quot;classic&quot;}\" href=\"https:\/\/residencialsananselmo.com\/modelo-5\/\">\n\t\t\t\t<div class=\"elementor-element elementor-element-45b9ca5 elementor-widget elementor-widget-heading\" data-id=\"45b9ca5\" data-element_type=\"widget\" data-e-type=\"widget\" id=\"txtmodelo5\" data-widget_type=\"heading.default\">\n\t\t\t\t<div class=\"elementor-widget-container\">\n\t\t\t\t\t<h2 class=\"elementor-heading-title elementor-size-default\">Modelo 5<\/h2>\t\t\t\t<\/div>\n\t\t\t\t<\/div>\n\t\t\t\t<\/a>\n\t\t<a class=\"elementor-element elementor-element-eb6c7d3 e-con-full e-flex e-con e-child\" data-id=\"eb6c7d3\" data-element_type=\"container\" data-e-type=\"container\" data-settings=\"{&quot;background_background&quot;:&quot;classic&quot;}\" href=\"https:\/\/residencialsananselmo.com\/modelo-6\/\">\n\t\t\t\t<div class=\"elementor-element elementor-element-f04fa04 elementor-widget elementor-widget-heading\" data-id=\"f04fa04\" data-element_type=\"widget\" data-e-type=\"widget\" id=\"txtmodelo6\" data-widget_type=\"heading.default\">\n\t\t\t\t<div class=\"elementor-widget-container\">\n\t\t\t\t\t<h2 class=\"elementor-heading-title elementor-size-default\">Modelo 6<\/h2>\t\t\t\t<\/div>\n\t\t\t\t<\/div>\n\t\t\t\t<\/a>\n\t\t\t\t<\/div>\n\t\t\t\t<\/div>\n\t\t<div class=\"elementor-element elementor-element-86daa66 e-flex e-con-boxed e-con e-parent\" data-id=\"86daa66\" data-element_type=\"container\" data-e-type=\"container\" data-settings=\"{&quot;background_background&quot;:&quot;classic&quot;}\">\n\t\t\t\t\t<div class=\"e-con-inner\">\n\t\t\t\t<div class=\"elementor-element elementor-element-59e702a elementor-widget elementor-widget-heading\" data-id=\"59e702a\" data-element_type=\"widget\" data-e-type=\"widget\" data-widget_type=\"heading.default\">\n\t\t\t\t<div class=\"elementor-widget-container\">\n\t\t\t\t\t<h2 class=\"elementor-heading-title elementor-size-default\">Todos los modelos incluyen<\/h2>\t\t\t\t<\/div>\n\t\t\t\t<\/div>\n\t\t\t\t<div class=\"elementor-element elementor-element-99109e6 elementor-widget elementor-widget-image\" data-id=\"99109e6\" data-element_type=\"widget\" data-e-type=\"widget\" data-widget_type=\"image.default\">\n\t\t\t\t<div class=\"elementor-widget-container\">\n\t\t\t\t\t\t\t\t\t\t\t\t\t\t\t<img decoding=\"async\" width=\"1024\" height=\"512\" src=\"https:\/\/residencialsananselmo.com\/wp-content\/uploads\/2024\/11\/countryhouseservices-1024x512.png\" class=\"attachment-large size-large wp-image-2957\" alt=\"\" srcset=\"https:\/\/residencialsananselmo.com\/wp-content\/uploads\/2024\/11\/countryhouseservices-1024x512.png 1024w, https:\/\/residencialsananselmo.com\/wp-content\/uploads\/2024\/11\/countryhouseservices-300x150.png 300w, https:\/\/residencialsananselmo.com\/wp-content\/uploads\/2024\/11\/countryhouseservices-768x384.png 768w, https:\/\/residencialsananselmo.com\/wp-content\/uploads\/2024\/11\/countryhouseservices-1536x768.png 1536w, https:\/\/residencialsananselmo.com\/wp-content\/uploads\/2024\/11\/countryhouseservices-18x9.png 18w, https:\/\/residencialsananselmo.com\/wp-content\/uploads\/2024\/11\/countryhouseservices.png 1563w\" sizes=\"(max-width: 1024px) 100vw, 1024px\" \/>\t\t\t\t\t\t\t\t\t\t\t\t\t\t\t<\/div>\n\t\t\t\t<\/div>\n\t\t\t\t\t<\/div>\n\t\t\t\t<\/div>\n\t\t<div class=\"elementor-element elementor-element-4d89462 e-flex e-con-boxed e-con e-parent\" data-id=\"4d89462\" data-element_type=\"container\" data-e-type=\"container\" data-settings=\"{&quot;background_background&quot;:&quot;classic&quot;}\">\n\t\t\t\t\t<div class=\"e-con-inner\">\n\t\t\t\t<div class=\"elementor-element elementor-element-40b47109 elementor-widget elementor-widget-heading\" data-id=\"40b47109\" data-element_type=\"widget\" data-e-type=\"widget\" data-widget_type=\"heading.default\">\n\t\t\t\t<div class=\"elementor-widget-container\">\n\t\t\t\t\t<h2 class=\"elementor-heading-title elementor-size-default\">Contamos con un atractivo plan de financiamiento:<\/h2>\t\t\t\t<\/div>\n\t\t\t\t<\/div>\n\t\t\t\t<div class=\"elementor-element elementor-element-f1e6f84 elementor-widget elementor-widget-heading\" data-id=\"f1e6f84\" data-element_type=\"widget\" data-e-type=\"widget\" data-widget_type=\"heading.default\">\n\t\t\t\t<div class=\"elementor-widget-container\">\n\t\t\t\t\t<h2 class=\"elementor-heading-title elementor-size-default\">Enganche de solo<\/h2>\t\t\t\t<\/div>\n\t\t\t\t<\/div>\n\t\t\t\t<div class=\"elementor-element elementor-element-79d948f elementor-widget elementor-widget-heading\" data-id=\"79d948f\" data-element_type=\"widget\" data-e-type=\"widget\" data-widget_type=\"heading.default\">\n\t\t\t\t<div class=\"elementor-widget-container\">\n\t\t\t\t\t<h2 class=\"elementor-heading-title elementor-size-default\">30%<\/h2>\t\t\t\t<\/div>\n\t\t\t\t<\/div>\n\t\t\t\t<div class=\"elementor-element elementor-element-3271b24 elementor-widget elementor-widget-heading\" data-id=\"3271b24\" data-element_type=\"widget\" data-e-type=\"widget\" data-widget_type=\"heading.default\">\n\t\t\t\t<div class=\"elementor-widget-container\">\n\t\t\t\t\t<h2 class=\"elementor-heading-title elementor-size-default\">y hasta<\/h2>\t\t\t\t<\/div>\n\t\t\t\t<\/div>\n\t\t\t\t<div class=\"elementor-element elementor-element-7207654 elementor-widget elementor-widget-heading\" data-id=\"7207654\" data-element_type=\"widget\" data-e-type=\"widget\" data-widget_type=\"heading.default\">\n\t\t\t\t<div class=\"elementor-widget-container\">\n\t\t\t\t\t<h2 class=\"elementor-heading-title elementor-size-default\">48 MSI<\/h2>\t\t\t\t<\/div>\n\t\t\t\t<\/div>\n\t\t\t\t<div class=\"elementor-element elementor-element-9808ae4 elementor-widget elementor-widget-image\" data-id=\"9808ae4\" data-element_type=\"widget\" data-e-type=\"widget\" data-widget_type=\"image.default\">\n\t\t\t\t<div class=\"elementor-widget-container\">\n\t\t\t\t\t\t\t\t\t\t\t\t\t\t\t<img loading=\"lazy\" decoding=\"async\" width=\"1024\" height=\"512\" src=\"https:\/\/residencialsananselmo.com\/wp-content\/uploads\/2024\/11\/escudos2-1024x512.png\" class=\"attachment-large size-large wp-image-2879\" alt=\"\" srcset=\"https:\/\/residencialsananselmo.com\/wp-content\/uploads\/2024\/11\/escudos2-1024x512.png 1024w, https:\/\/residencialsananselmo.com\/wp-content\/uploads\/2024\/11\/escudos2-300x150.png 300w, https:\/\/residencialsananselmo.com\/wp-content\/uploads\/2024\/11\/escudos2-768x384.png 768w, https:\/\/residencialsananselmo.com\/wp-content\/uploads\/2024\/11\/escudos2-1536x768.png 1536w, https:\/\/residencialsananselmo.com\/wp-content\/uploads\/2024\/11\/escudos2-18x9.png 18w, https:\/\/residencialsananselmo.com\/wp-content\/uploads\/2024\/11\/escudos2.png 1561w\" sizes=\"(max-width: 1024px) 100vw, 1024px\" \/>\t\t\t\t\t\t\t\t\t\t\t\t\t\t\t<\/div>\n\t\t\t\t<\/div>\n\t\t\t\t\t<\/div>\n\t\t\t\t<\/div>\n\t\t<div class=\"elementor-element elementor-element-e16fb39 e-flex e-con-boxed e-con e-parent\" data-id=\"e16fb39\" data-element_type=\"container\" data-e-type=\"container\" data-settings=\"{&quot;background_background&quot;:&quot;classic&quot;}\">\n\t\t\t\t\t<div class=\"e-con-inner\">\n\t\t\t\t<div class=\"elementor-element elementor-element-d312f89 elementor-widget elementor-widget-image\" data-id=\"d312f89\" data-element_type=\"widget\" data-e-type=\"widget\" data-widget_type=\"image.default\">\n\t\t\t\t<div class=\"elementor-widget-container\">\n\t\t\t\t\t\t\t\t\t\t\t\t\t\t\t\t<a href=\"https:\/\/publuu.com\/flip-book\/419757\/1616664\">\n\t\t\t\t\t\t\t<img loading=\"lazy\" decoding=\"async\" width=\"1024\" height=\"1024\" src=\"https:\/\/residencialsananselmo.com\/wp-content\/uploads\/2024\/11\/2-1024x1024.png\" class=\"elementor-animation-grow attachment-large size-large wp-image-2942\" alt=\"\" srcset=\"https:\/\/residencialsananselmo.com\/wp-content\/uploads\/2024\/11\/2-1024x1024.png 1024w, https:\/\/residencialsananselmo.com\/wp-content\/uploads\/2024\/11\/2-300x300.png 300w, https:\/\/residencialsananselmo.com\/wp-content\/uploads\/2024\/11\/2-150x150.png 150w, https:\/\/residencialsananselmo.com\/wp-content\/uploads\/2024\/11\/2-768x768.png 768w, https:\/\/residencialsananselmo.com\/wp-content\/uploads\/2024\/11\/2-12x12.png 12w, https:\/\/residencialsananselmo.com\/wp-content\/uploads\/2024\/11\/2.png 1080w\" sizes=\"(max-width: 1024px) 100vw, 1024px\" \/>\t\t\t\t\t\t\t\t<\/a>\n\t\t\t\t\t\t\t\t\t\t\t\t\t\t\t<\/div>\n\t\t\t\t<\/div>\n\t\t\t\t\t<\/div>\n\t\t\t\t<\/div>\n\t\t<div class=\"elementor-element elementor-element-ffce51f e-flex e-con-boxed e-con e-parent\" data-id=\"ffce51f\" data-element_type=\"container\" data-e-type=\"container\">\n\t\t\t\t\t<div class=\"e-con-inner\">\n\t\t\t\t<div class=\"elementor-element elementor-element-188dcd0d elementor-widget elementor-widget-heading\" data-id=\"188dcd0d\" data-element_type=\"widget\" data-e-type=\"widget\" data-widget_type=\"heading.default\">\n\t\t\t\t<div class=\"elementor-widget-container\">\n\t\t\t\t\t<h2 class=\"elementor-heading-title elementor-size-default\">Formulario de contacto<\/h2>\t\t\t\t<\/div>\n\t\t\t\t<\/div>\n\t\t\t\t<div class=\"elementor-element elementor-element-68bb9c5 elementor-widget elementor-widget-text-editor\" data-id=\"68bb9c5\" data-element_type=\"widget\" data-e-type=\"widget\" data-widget_type=\"text-editor.default\">\n\t\t\t\t<div class=\"elementor-widget-container\">\n\t\t\t\t\t\t\t\t\t<p>Comp\u00e1rtenos sus datos y un asesor de venta estar\u00e1 comunic\u00e1ndose con usted, le ofreceremos toda la informaci\u00f3n que requiera.\u00a0<\/p>\t\t\t\t\t\t\t\t<\/div>\n\t\t\t\t<\/div>\n\t\t\t\t<div class=\"elementor-element elementor-element-65c59bf2 elementor-widget elementor-widget-wpforms\" data-id=\"65c59bf2\" data-element_type=\"widget\" data-e-type=\"widget\" data-widget_type=\"wpforms.default\">\n\t\t\t\t<div class=\"elementor-widget-container\">\n\t\t\t\t\t<div class=\"wpforms-container wpforms-render-modern\" id=\"wpforms-278\"><form id=\"wpforms-form-278\" class=\"wpforms-validate wpforms-form wpforms-ajax-form\" data-formid=\"278\" method=\"post\" enctype=\"multipart\/form-data\" action=\"\/en\/wp-json\/wp\/v2\/pages\/2946\" data-token=\"519dd599809f0f968419c05f6d0ab6e9\" data-token-time=\"1778158068\"><noscript class=\"wpforms-error-noscript\">Please enable JavaScript in your browser to complete this form.<\/noscript><div id=\"wpforms-error-noscript\" style=\"display: none;\">Please enable JavaScript in your browser to complete this form.<\/div><div class=\"wpforms-field-container\"><div id=\"wpforms-278-field_0-container\" class=\"wpforms-field wpforms-field-name\" data-field-id=\"0\"><fieldset><legend class=\"wpforms-field-label wpforms-label-hide\" aria-hidden=\"false\">Nombre y Apellidos <span class=\"wpforms-required-label\" aria-hidden=\"true\">*<\/span><\/legend><div class=\"wpforms-field-row wpforms-field-large\"><div class=\"wpforms-field-row-block wpforms-first wpforms-one-half\"><input type=\"text\" id=\"wpforms-278-field_0\" class=\"wpforms-field-name-first wpforms-field-required\" name=\"wpforms[fields][0][first]\" placeholder=\"Nombre\" aria-errormessage=\"wpforms-278-field_0-error\" required><label for=\"wpforms-278-field_0\" class=\"wpforms-field-sublabel after wpforms-sublabel-hide\">First<\/label><\/div><div class=\"wpforms-field-row-block wpforms-one-half\"><input type=\"text\" id=\"wpforms-278-field_0-last\" class=\"wpforms-field-name-last wpforms-field-required\" name=\"wpforms[fields][0][last]\" placeholder=\"Apellidos\" aria-errormessage=\"wpforms-278-field_0-last-error\" required><label for=\"wpforms-278-field_0-last\" class=\"wpforms-field-sublabel after wpforms-sublabel-hide\">Last<\/label><\/div><\/div><\/fieldset><\/div><div id=\"wpforms-278-field_6-container\" class=\"wpforms-field wpforms-field-number\" data-field-id=\"6\"><label class=\"wpforms-field-label wpforms-label-hide\" for=\"wpforms-278-field_6\" aria-hidden=\"false\">Tel\u00e9fono de contacto<\/label><input type=\"number\" id=\"wpforms-278-field_6\" class=\"wpforms-field-large\" name=\"wpforms[fields][6]\" placeholder=\"Tel\u00e9fono de contacto\" step=\"any\" aria-errormessage=\"wpforms-278-field_6-error\" ><\/div><div id=\"wpforms-278-field_1-container\" class=\"wpforms-field wpforms-field-email\" data-field-id=\"1\"><label class=\"wpforms-field-label wpforms-label-hide\" for=\"wpforms-278-field_1\" aria-hidden=\"false\">Correo Electr\u00f3nico <span class=\"wpforms-required-label\" aria-hidden=\"true\">*<\/span><\/label><input type=\"email\" id=\"wpforms-278-field_1\" class=\"wpforms-field-large wpforms-field-required\" name=\"wpforms[fields][1]\" placeholder=\"Correo electr\u00f3nico\" spellcheck=\"false\" aria-errormessage=\"wpforms-278-field_1-error\" required><\/div><\/div><!-- .wpforms-field-container --><div class=\"wpforms-recaptcha-container wpforms-is-recaptcha wpforms-is-recaptcha-type-v2\" ><div class=\"g-recaptcha\" data-sitekey=\"6LfRt34pAAAAALh3E26YmOPi2HY5XYOUee5QFw63\"><\/div><input type=\"text\" name=\"g-recaptcha-hidden\" class=\"wpforms-recaptcha-hidden\" style=\"position:absolute!important;clip:rect(0,0,0,0)!important;height:1px!important;width:1px!important;border:0!important;overflow:hidden!important;padding:0!important;margin:0!important;\" data-rule-recaptcha=\"1\"><\/div><div class=\"wpforms-submit-container\" ><input type=\"hidden\" name=\"wpforms[id]\" value=\"278\"><input type=\"hidden\" name=\"page_title\" value=\"\"><input type=\"hidden\" name=\"page_url\" value=\"https:\/\/residencialsananselmo.com\/en\/wp-json\/wp\/v2\/pages\/2946\"><input type=\"hidden\" name=\"url_referer\" value=\"\"><button type=\"submit\" name=\"wpforms[submit]\" id=\"wpforms-submit-278\" class=\"wpforms-submit button-booking\" data-alt-text=\"Sending...\" data-submit-text=\"Agendar Cita\" aria-live=\"assertive\" value=\"wpforms-submit\">Agendar Cita<\/button><img loading=\"lazy\" decoding=\"async\" src=\"https:\/\/residencialsananselmo.com\/wp-content\/plugins\/wpforms-lite\/assets\/images\/submit-spin.svg\" class=\"wpforms-submit-spinner\" style=\"display: none;\" width=\"26\" height=\"26\" alt=\"Loading\"><\/div><\/form><\/div>  <!-- .wpforms-container -->\t\t\t\t<\/div>\n\t\t\t\t<\/div>\n\t\t\t\t\t<\/div>\n\t\t\t\t<\/div>\n\t\t\t\t<\/div>\n\t\t","protected":false},"excerpt":{"rendered":"<p>\u00a0Sum\u00e9rgete en un estilo de vida \u00fanico con nuestras Country Houses, dise\u00f1adas para quienes buscan tranquilidad, comodidad y conexi\u00f3n con la naturaleza. Rodeadas de paisajes espectaculares, cada casa ofrece un equilibrio perfecto entre dise\u00f1o r\u00fastico y moderno, pensado para que disfrutes de cada momento en un espacio lleno de armon\u00eda. Modelos de Country Houses Modelo [&hellip;]<\/p>\n","protected":false},"author":1,"featured_media":0,"parent":0,"menu_order":0,"comment_status":"closed","ping_status":"closed","template":"","meta":{"om_disable_all_campaigns":false,"_monsterinsights_skip_tracking":false,"_monsterinsights_sitenote_active":false,"_monsterinsights_sitenote_note":"","_monsterinsights_sitenote_category":0,"_joinchat":[],"footnotes":""},"class_list":["post-2946","page","type-page","status-publish","hentry"],"blocksy_meta":[],"aioseo_notices":[],"_links":{"self":[{"href":"https:\/\/residencialsananselmo.com\/en\/wp-json\/wp\/v2\/pages\/2946","targetHints":{"allow":["GET"]}}],"collection":[{"href":"https:\/\/residencialsananselmo.com\/en\/wp-json\/wp\/v2\/pages"}],"about":[{"href":"https:\/\/residencialsananselmo.com\/en\/wp-json\/wp\/v2\/types\/page"}],"author":[{"embeddable":true,"href":"https:\/\/residencialsananselmo.com\/en\/wp-json\/wp\/v2\/users\/1"}],"replies":[{"embeddable":true,"href":"https:\/\/residencialsananselmo.com\/en\/wp-json\/wp\/v2\/comments?post=2946"}],"version-history":[{"count":82,"href":"https:\/\/residencialsananselmo.com\/en\/wp-json\/wp\/v2\/pages\/2946\/revisions"}],"predecessor-version":[{"id":3225,"href":"https:\/\/residencialsananselmo.com\/en\/wp-json\/wp\/v2\/pages\/2946\/revisions\/3225"}],"wp:attachment":[{"href":"https:\/\/residencialsananselmo.com\/en\/wp-json\/wp\/v2\/media?parent=2946"}],"curies":[{"name":"wp","href":"https:\/\/api.w.org\/{rel}","templated":true}]}}