{"id":3060,"date":"2024-11-25T01:11:11","date_gmt":"2024-11-25T01:11:11","guid":{"rendered":"https:\/\/residencialsananselmo.com\/?page_id=3060"},"modified":"2024-11-25T02:05:32","modified_gmt":"2024-11-25T02:05:32","slug":"modelo-2","status":"publish","type":"page","link":"https:\/\/residencialsananselmo.com\/en\/modelo-2\/","title":{"rendered":"Modelo 2"},"content":{"rendered":"<div data-elementor-type=\"wp-page\" data-elementor-id=\"3060\" class=\"elementor elementor-3060\">\n\t\t\t\t<div class=\"elementor-element elementor-element-12272ede e-flex e-con-boxed e-con e-parent\" data-id=\"12272ede\" data-element_type=\"container\" data-e-type=\"container\">\n\t\t\t\t\t<div class=\"e-con-inner\">\n\t\t\t\t<div class=\"elementor-element elementor-element-15b8668 elementor-widget elementor-widget-text-editor\" data-id=\"15b8668\" data-element_type=\"widget\" data-e-type=\"widget\" data-widget_type=\"text-editor.default\">\n\t\t\t\t<div class=\"elementor-widget-container\">\n\t\t\t\t\t\t\t\t\t<p>Este modelo ofrece mayor privacidad y amplitud. Perfecto para quienes buscan un dise\u00f1o moderno y c\u00f3modo, con \u00e1reas bien definidas para vivir y relajarse en un entorno exclusivo<\/p>\t\t\t\t\t\t\t\t<\/div>\n\t\t\t\t<\/div>\n\t\t\t\t\t<\/div>\n\t\t\t\t<\/div>\n\t\t<div class=\"elementor-element elementor-element-7dc44d02 e-flex e-con-boxed e-con e-parent\" data-id=\"7dc44d02\" data-element_type=\"container\" data-e-type=\"container\">\n\t\t\t\t\t<div class=\"e-con-inner\">\n\t\t<div class=\"elementor-element elementor-element-34d55185 e-con-full e-flex e-con e-child\" data-id=\"34d55185\" data-element_type=\"container\" data-e-type=\"container\">\n\t\t\t\t<div class=\"elementor-element elementor-element-6844a115 elementor-widget elementor-widget-image\" data-id=\"6844a115\" data-element_type=\"widget\" data-e-type=\"widget\" data-widget_type=\"image.default\">\n\t\t\t\t<div class=\"elementor-widget-container\">\n\t\t\t\t\t\t\t\t\t\t\t\t\t\t\t<img fetchpriority=\"high\" decoding=\"async\" width=\"1024\" height=\"852\" src=\"https:\/\/residencialsananselmo.com\/wp-content\/uploads\/2024\/11\/modelo-2-1024x852.jpg\" class=\"attachment-large size-large wp-image-2966\" alt=\"\" srcset=\"https:\/\/residencialsananselmo.com\/wp-content\/uploads\/2024\/11\/modelo-2-1024x852.jpg 1024w, https:\/\/residencialsananselmo.com\/wp-content\/uploads\/2024\/11\/modelo-2-300x250.jpg 300w, https:\/\/residencialsananselmo.com\/wp-content\/uploads\/2024\/11\/modelo-2-768x639.jpg 768w, https:\/\/residencialsananselmo.com\/wp-content\/uploads\/2024\/11\/modelo-2-1536x1279.jpg 1536w, https:\/\/residencialsananselmo.com\/wp-content\/uploads\/2024\/11\/modelo-2-14x12.jpg 14w, https:\/\/residencialsananselmo.com\/wp-content\/uploads\/2024\/11\/modelo-2.jpg 1600w\" sizes=\"(max-width: 1024px) 100vw, 1024px\" \/>\t\t\t\t\t\t\t\t\t\t\t\t\t\t\t<\/div>\n\t\t\t\t<\/div>\n\t\t\t\t<div class=\"elementor-element elementor-element-3cf866d4 elementor-widget elementor-widget-heading\" data-id=\"3cf866d4\" data-element_type=\"widget\" data-e-type=\"widget\" data-widget_type=\"heading.default\">\n\t\t\t\t<div class=\"elementor-widget-container\">\n\t\t\t\t\t<h2 class=\"elementor-heading-title elementor-size-default\">SUPERFICIE<\/h2>\t\t\t\t<\/div>\n\t\t\t\t<\/div>\n\t\t\t\t<div class=\"elementor-element elementor-element-22d3c8aa elementor-widget elementor-widget-heading\" data-id=\"22d3c8aa\" data-element_type=\"widget\" data-e-type=\"widget\" data-widget_type=\"heading.default\">\n\t\t\t\t<div class=\"elementor-widget-container\">\n\t\t\t\t\t<h2 class=\"elementor-heading-title elementor-size-default\">108 m2<\/h2>\t\t\t\t<\/div>\n\t\t\t\t<\/div>\n\t\t\t\t<div class=\"elementor-element elementor-element-27271e1 elementor-widget elementor-widget-heading\" data-id=\"27271e1\" data-element_type=\"widget\" data-e-type=\"widget\" data-widget_type=\"heading.default\">\n\t\t\t\t<div class=\"elementor-widget-container\">\n\t\t\t\t\t<h2 class=\"elementor-heading-title elementor-size-default\">1 REC\u00c1MARA Y 1 NIVEL<\/h2>\t\t\t\t<\/div>\n\t\t\t\t<\/div>\n\t\t\t\t<div class=\"elementor-element elementor-element-63ff58a9 elementor-widget elementor-widget-image\" data-id=\"63ff58a9\" data-element_type=\"widget\" data-e-type=\"widget\" data-widget_type=\"image.default\">\n\t\t\t\t<div class=\"elementor-widget-container\">\n\t\t\t\t\t\t\t\t\t\t\t\t\t\t\t<img decoding=\"async\" width=\"1024\" height=\"512\" src=\"https:\/\/residencialsananselmo.com\/wp-content\/uploads\/2024\/11\/7-1024x512.png\" class=\"attachment-large size-large wp-image-3087\" alt=\"\" srcset=\"https:\/\/residencialsananselmo.com\/wp-content\/uploads\/2024\/11\/7-1024x512.png 1024w, https:\/\/residencialsananselmo.com\/wp-content\/uploads\/2024\/11\/7-300x150.png 300w, https:\/\/residencialsananselmo.com\/wp-content\/uploads\/2024\/11\/7-768x384.png 768w, https:\/\/residencialsananselmo.com\/wp-content\/uploads\/2024\/11\/7-1536x768.png 1536w, https:\/\/residencialsananselmo.com\/wp-content\/uploads\/2024\/11\/7-18x9.png 18w, https:\/\/residencialsananselmo.com\/wp-content\/uploads\/2024\/11\/7.png 1563w\" sizes=\"(max-width: 1024px) 100vw, 1024px\" \/>\t\t\t\t\t\t\t\t\t\t\t\t\t\t\t<\/div>\n\t\t\t\t<\/div>\n\t\t\t\t<\/div>\n\t\t<div class=\"elementor-element elementor-element-3307e34e e-con-full e-flex e-con e-child\" data-id=\"3307e34e\" data-element_type=\"container\" data-e-type=\"container\">\n\t\t\t\t<div class=\"elementor-element elementor-element-78d18cfe elementor-widget elementor-widget-image\" data-id=\"78d18cfe\" data-element_type=\"widget\" data-e-type=\"widget\" data-widget_type=\"image.default\">\n\t\t\t\t<div class=\"elementor-widget-container\">\n\t\t\t\t\t\t\t\t\t\t\t\t\t\t\t<img decoding=\"async\" width=\"557\" height=\"1024\" src=\"https:\/\/residencialsananselmo.com\/wp-content\/uploads\/2024\/11\/plano-2-557x1024.jpg\" class=\"attachment-large size-large wp-image-3080\" alt=\"\" srcset=\"https:\/\/residencialsananselmo.com\/wp-content\/uploads\/2024\/11\/plano-2-557x1024.jpg 557w, https:\/\/residencialsananselmo.com\/wp-content\/uploads\/2024\/11\/plano-2-163x300.jpg 163w, https:\/\/residencialsananselmo.com\/wp-content\/uploads\/2024\/11\/plano-2-768x1411.jpg 768w, https:\/\/residencialsananselmo.com\/wp-content\/uploads\/2024\/11\/plano-2-836x1536.jpg 836w, https:\/\/residencialsananselmo.com\/wp-content\/uploads\/2024\/11\/plano-2-7x12.jpg 7w, https:\/\/residencialsananselmo.com\/wp-content\/uploads\/2024\/11\/plano-2.jpg 871w\" sizes=\"(max-width: 557px) 100vw, 557px\" \/>\t\t\t\t\t\t\t\t\t\t\t\t\t\t\t<\/div>\n\t\t\t\t<\/div>\n\t\t\t\t<\/div>\n\t\t\t\t\t<\/div>\n\t\t\t\t<\/div>\n\t\t<div class=\"elementor-element elementor-element-28a67104 e-flex e-con-boxed e-con e-parent\" data-id=\"28a67104\" data-element_type=\"container\" data-e-type=\"container\" data-settings=\"{&quot;background_background&quot;:&quot;classic&quot;}\">\n\t\t\t\t\t<div class=\"e-con-inner\">\n\t\t\t\t<div class=\"elementor-element elementor-element-1a187c6f elementor-widget elementor-widget-heading\" data-id=\"1a187c6f\" data-element_type=\"widget\" data-e-type=\"widget\" data-widget_type=\"heading.default\">\n\t\t\t\t<div class=\"elementor-widget-container\">\n\t\t\t\t\t<h2 class=\"elementor-heading-title elementor-size-default\">Contamos con un atractivo plan de financiamiento:<\/h2>\t\t\t\t<\/div>\n\t\t\t\t<\/div>\n\t\t\t\t<div class=\"elementor-element elementor-element-52085b92 elementor-widget elementor-widget-heading\" data-id=\"52085b92\" data-element_type=\"widget\" data-e-type=\"widget\" data-widget_type=\"heading.default\">\n\t\t\t\t<div class=\"elementor-widget-container\">\n\t\t\t\t\t<h2 class=\"elementor-heading-title elementor-size-default\">Enganche de solo<\/h2>\t\t\t\t<\/div>\n\t\t\t\t<\/div>\n\t\t\t\t<div class=\"elementor-element elementor-element-85137bc elementor-widget elementor-widget-heading\" data-id=\"85137bc\" data-element_type=\"widget\" data-e-type=\"widget\" data-widget_type=\"heading.default\">\n\t\t\t\t<div class=\"elementor-widget-container\">\n\t\t\t\t\t<h2 class=\"elementor-heading-title elementor-size-default\">30%<\/h2>\t\t\t\t<\/div>\n\t\t\t\t<\/div>\n\t\t\t\t<div class=\"elementor-element elementor-element-2ac7461f elementor-widget elementor-widget-heading\" data-id=\"2ac7461f\" data-element_type=\"widget\" data-e-type=\"widget\" data-widget_type=\"heading.default\">\n\t\t\t\t<div class=\"elementor-widget-container\">\n\t\t\t\t\t<h2 class=\"elementor-heading-title elementor-size-default\">y hasta<\/h2>\t\t\t\t<\/div>\n\t\t\t\t<\/div>\n\t\t\t\t<div class=\"elementor-element elementor-element-2e9fb50b elementor-widget elementor-widget-heading\" data-id=\"2e9fb50b\" data-element_type=\"widget\" data-e-type=\"widget\" data-widget_type=\"heading.default\">\n\t\t\t\t<div class=\"elementor-widget-container\">\n\t\t\t\t\t<h2 class=\"elementor-heading-title elementor-size-default\">48 MSI<\/h2>\t\t\t\t<\/div>\n\t\t\t\t<\/div>\n\t\t\t\t<div class=\"elementor-element elementor-element-767da951 elementor-widget elementor-widget-image\" data-id=\"767da951\" data-element_type=\"widget\" data-e-type=\"widget\" data-widget_type=\"image.default\">\n\t\t\t\t<div class=\"elementor-widget-container\">\n\t\t\t\t\t\t\t\t\t\t\t\t\t\t\t<img loading=\"lazy\" decoding=\"async\" width=\"1024\" height=\"512\" src=\"https:\/\/residencialsananselmo.com\/wp-content\/uploads\/2024\/11\/escudos2-1024x512.png\" class=\"attachment-large size-large wp-image-2879\" alt=\"\" srcset=\"https:\/\/residencialsananselmo.com\/wp-content\/uploads\/2024\/11\/escudos2-1024x512.png 1024w, https:\/\/residencialsananselmo.com\/wp-content\/uploads\/2024\/11\/escudos2-300x150.png 300w, https:\/\/residencialsananselmo.com\/wp-content\/uploads\/2024\/11\/escudos2-768x384.png 768w, https:\/\/residencialsananselmo.com\/wp-content\/uploads\/2024\/11\/escudos2-1536x768.png 1536w, https:\/\/residencialsananselmo.com\/wp-content\/uploads\/2024\/11\/escudos2-18x9.png 18w, https:\/\/residencialsananselmo.com\/wp-content\/uploads\/2024\/11\/escudos2.png 1561w\" sizes=\"(max-width: 1024px) 100vw, 1024px\" \/>\t\t\t\t\t\t\t\t\t\t\t\t\t\t\t<\/div>\n\t\t\t\t<\/div>\n\t\t\t\t\t<\/div>\n\t\t\t\t<\/div>\n\t\t<div class=\"elementor-element elementor-element-3abaaab6 e-flex e-con-boxed e-con e-parent\" data-id=\"3abaaab6\" data-element_type=\"container\" data-e-type=\"container\">\n\t\t\t\t\t<div class=\"e-con-inner\">\n\t\t<div class=\"elementor-element elementor-element-9d5806c e-flex e-con-boxed e-con e-child\" data-id=\"9d5806c\" data-element_type=\"container\" data-e-type=\"container\">\n\t\t\t\t\t<div class=\"e-con-inner\">\n\t\t<div class=\"elementor-element elementor-element-1b4709cd e-con-full e-flex e-con e-child\" data-id=\"1b4709cd\" data-element_type=\"container\" data-e-type=\"container\">\n\t\t\t\t<div class=\"elementor-element elementor-element-1b77f2ae elementor-widget elementor-widget-heading\" data-id=\"1b77f2ae\" data-element_type=\"widget\" data-e-type=\"widget\" data-widget_type=\"heading.default\">\n\t\t\t\t<div class=\"elementor-widget-container\">\n\t\t\t\t\t<h2 class=\"elementor-heading-title elementor-size-default\">\u00bfDesea que uno de nuestros asesores inmobiliario le contacte?<\/h2>\t\t\t\t<\/div>\n\t\t\t\t<\/div>\n\t\t\t\t<\/div>\n\t\t<div class=\"elementor-element elementor-element-539cecee e-con-full e-flex e-con e-child\" data-id=\"539cecee\" data-element_type=\"container\" data-e-type=\"container\">\n\t\t\t\t<div class=\"elementor-element elementor-element-4f9700b2 elementor-tablet-align-right elementor-mobile-align-center elementor-align-right elementor-widget elementor-widget-button\" data-id=\"4f9700b2\" data-element_type=\"widget\" data-e-type=\"widget\" data-widget_type=\"button.default\">\n\t\t\t\t<div class=\"elementor-widget-container\">\n\t\t\t\t\t\t\t\t\t<div class=\"elementor-button-wrapper\">\n\t\t\t\t\t<a class=\"elementor-button elementor-button-link elementor-size-sm\" href=\"https:\/\/residencialsananselmo.com\/en\/contactenos\/\">\n\t\t\t\t\t\t<span class=\"elementor-button-content-wrapper\">\n\t\t\t\t\t\t<span class=\"elementor-button-icon\">\n\t\t\t\t<svg aria-hidden=\"true\" class=\"e-font-icon-svg e-far-address-book\" viewbox=\"0 0 448 512\" xmlns=\"http:\/\/www.w3.org\/2000\/svg\"><path d=\"M436 160c6.6 0 12-5.4 12-12v-40c0-6.6-5.4-12-12-12h-20V48c0-26.5-21.5-48-48-48H48C21.5 0 0 21.5 0 48v416c0 26.5 21.5 48 48 48h320c26.5 0 48-21.5 48-48v-48h20c6.6 0 12-5.4 12-12v-40c0-6.6-5.4-12-12-12h-20v-64h20c6.6 0 12-5.4 12-12v-40c0-6.6-5.4-12-12-12h-20v-64h20zm-68 304H48V48h320v416zM208 256c35.3 0 64-28.7 64-64s-28.7-64-64-64-64 28.7-64 64 28.7 64 64 64zm-89.6 128h179.2c12.4 0 22.4-8.6 22.4-19.2v-19.2c0-31.8-30.1-57.6-67.2-57.6-10.8 0-18.7 8-44.8 8-26.9 0-33.4-8-44.8-8-37.1 0-67.2 25.8-67.2 57.6v19.2c0 10.6 10 19.2 22.4 19.2z\"><\/path><\/svg>\t\t\t<\/span>\n\t\t\t\t\t\t\t\t\t<span class=\"elementor-button-text\">To schedule an appointment<\/span>\n\t\t\t\t\t<\/span>\n\t\t\t\t\t<\/a>\n\t\t\t\t<\/div>\n\t\t\t\t\t\t\t\t<\/div>\n\t\t\t\t<\/div>\n\t\t\t\t<\/div>\n\t\t\t\t\t<\/div>\n\t\t\t\t<\/div>\n\t\t\t\t\t<\/div>\n\t\t\t\t<\/div>\n\t\t<div class=\"elementor-element elementor-element-5b297c30 e-flex e-con-boxed e-con e-parent\" data-id=\"5b297c30\" data-element_type=\"container\" data-e-type=\"container\">\n\t\t\t\t\t<div class=\"e-con-inner\">\n\t\t<a class=\"elementor-element elementor-element-1741c993 e-con-full e-flex e-con e-child\" data-id=\"1741c993\" data-element_type=\"container\" data-e-type=\"container\" data-settings=\"{&quot;background_background&quot;:&quot;classic&quot;}\" href=\"https:\/\/residencialsananselmo.com\/en\/modelo-1\/\">\n\t\t\t\t<div class=\"elementor-element elementor-element-6a307e2f elementor-widget elementor-widget-heading\" data-id=\"6a307e2f\" data-element_type=\"widget\" data-e-type=\"widget\" data-widget_type=\"heading.default\">\n\t\t\t\t<div class=\"elementor-widget-container\">\n\t\t\t\t\t<h2 class=\"elementor-heading-title elementor-size-default\">&lt; Modelo 1<\/h2>\t\t\t\t<\/div>\n\t\t\t\t<\/div>\n\t\t\t\t<\/a>\n\t\t<a class=\"elementor-element elementor-element-589a5dd5 e-con-full e-flex e-con e-child\" data-id=\"589a5dd5\" data-element_type=\"container\" data-e-type=\"container\" data-settings=\"{&quot;background_background&quot;:&quot;classic&quot;}\" href=\"https:\/\/residencialsananselmo.com\/en\/modelo-3\/\">\n\t\t\t\t<div class=\"elementor-element elementor-element-79f96a70 elementor-widget elementor-widget-heading\" data-id=\"79f96a70\" data-element_type=\"widget\" data-e-type=\"widget\" data-widget_type=\"heading.default\">\n\t\t\t\t<div class=\"elementor-widget-container\">\n\t\t\t\t\t<h2 class=\"elementor-heading-title elementor-size-default\">Modelo 3 &gt;<\/h2>\t\t\t\t<\/div>\n\t\t\t\t<\/div>\n\t\t\t\t<\/a>\n\t\t\t\t\t<\/div>\n\t\t\t\t<\/div>\n\t\t\t\t<\/div>","protected":false},"excerpt":{"rendered":"<p>Este modelo ofrece mayor privacidad y amplitud. Perfecto para quienes buscan un dise\u00f1o moderno y c\u00f3modo, con \u00e1reas bien definidas para vivir y relajarse en un entorno exclusivo SUPERFICIE 108 m2 1 REC\u00c1MARA Y 1 NIVEL Contamos con un atractivo plan de financiamiento: Enganche de solo 30% y hasta 48 MSI \u00bfDesea que uno de [&hellip;]<\/p>\n","protected":false},"author":1,"featured_media":0,"parent":0,"menu_order":0,"comment_status":"closed","ping_status":"closed","template":"","meta":{"om_disable_all_campaigns":false,"_monsterinsights_skip_tracking":false,"_monsterinsights_sitenote_active":false,"_monsterinsights_sitenote_note":"","_monsterinsights_sitenote_category":0,"_joinchat":[],"footnotes":""},"class_list":["post-3060","page","type-page","status-publish","hentry"],"blocksy_meta":[],"aioseo_notices":[],"_links":{"self":[{"href":"https:\/\/residencialsananselmo.com\/en\/wp-json\/wp\/v2\/pages\/3060","targetHints":{"allow":["GET"]}}],"collection":[{"href":"https:\/\/residencialsananselmo.com\/en\/wp-json\/wp\/v2\/pages"}],"about":[{"href":"https:\/\/residencialsananselmo.com\/en\/wp-json\/wp\/v2\/types\/page"}],"author":[{"embeddable":true,"href":"https:\/\/residencialsananselmo.com\/en\/wp-json\/wp\/v2\/users\/1"}],"replies":[{"embeddable":true,"href":"https:\/\/residencialsananselmo.com\/en\/wp-json\/wp\/v2\/comments?post=3060"}],"version-history":[{"count":13,"href":"https:\/\/residencialsananselmo.com\/en\/wp-json\/wp\/v2\/pages\/3060\/revisions"}],"predecessor-version":[{"id":3153,"href":"https:\/\/residencialsananselmo.com\/en\/wp-json\/wp\/v2\/pages\/3060\/revisions\/3153"}],"wp:attachment":[{"href":"https:\/\/residencialsananselmo.com\/en\/wp-json\/wp\/v2\/media?parent=3060"}],"curies":[{"name":"wp","href":"https:\/\/api.w.org\/{rel}","templated":true}]}}