{"id":3062,"date":"2024-11-25T01:11:26","date_gmt":"2024-11-25T01:11:26","guid":{"rendered":"https:\/\/residencialsananselmo.com\/?page_id=3062"},"modified":"2024-11-25T02:00:11","modified_gmt":"2024-11-25T02:00:11","slug":"modelo-3","status":"publish","type":"page","link":"https:\/\/residencialsananselmo.com\/en\/modelo-3\/","title":{"rendered":"Modelo 3"},"content":{"rendered":"<div data-elementor-type=\"wp-page\" data-elementor-id=\"3062\" class=\"elementor elementor-3062\">\n\t\t\t\t<div class=\"elementor-element elementor-element-4dd9e5e9 e-flex e-con-boxed e-con e-parent\" data-id=\"4dd9e5e9\" data-element_type=\"container\" data-e-type=\"container\">\n\t\t\t\t\t<div class=\"e-con-inner\">\n\t\t\t\t<div class=\"elementor-element elementor-element-509382ab elementor-widget elementor-widget-text-editor\" data-id=\"509382ab\" data-element_type=\"widget\" data-e-type=\"widget\" data-widget_type=\"text-editor.default\">\n\t\t\t\t<div class=\"elementor-widget-container\">\n\t\t\t\t\t\t\t\t\t<p>Este modelo de dos rec\u00e1maras en un nivel es ideal para quienes buscan comodidad y funcionalidad en cada espacio. Perfecto para parejas o familias peque\u00f1as, ofrece un dise\u00f1o pr\u00e1ctico que integra cada ambiente para crear un hogar c\u00e1lido y acogedor.<\/p>\t\t\t\t\t\t\t\t<\/div>\n\t\t\t\t<\/div>\n\t\t\t\t\t<\/div>\n\t\t\t\t<\/div>\n\t\t<div class=\"elementor-element elementor-element-692f6b8a e-flex e-con-boxed e-con e-parent\" data-id=\"692f6b8a\" data-element_type=\"container\" data-e-type=\"container\">\n\t\t\t\t\t<div class=\"e-con-inner\">\n\t\t<div class=\"elementor-element elementor-element-5a215ca6 e-con-full e-flex e-con e-child\" data-id=\"5a215ca6\" data-element_type=\"container\" data-e-type=\"container\">\n\t\t\t\t<div class=\"elementor-element elementor-element-58b5f200 elementor-widget elementor-widget-image\" data-id=\"58b5f200\" data-element_type=\"widget\" data-e-type=\"widget\" data-widget_type=\"image.default\">\n\t\t\t\t<div class=\"elementor-widget-container\">\n\t\t\t\t\t\t\t\t\t\t\t\t\t\t\t<img fetchpriority=\"high\" decoding=\"async\" width=\"1024\" height=\"853\" src=\"https:\/\/residencialsananselmo.com\/wp-content\/uploads\/2024\/11\/modelo3-1024x853.jpg\" class=\"attachment-large size-large wp-image-2962\" alt=\"\" srcset=\"https:\/\/residencialsananselmo.com\/wp-content\/uploads\/2024\/11\/modelo3-1024x853.jpg 1024w, https:\/\/residencialsananselmo.com\/wp-content\/uploads\/2024\/11\/modelo3-300x250.jpg 300w, https:\/\/residencialsananselmo.com\/wp-content\/uploads\/2024\/11\/modelo3-768x640.jpg 768w, https:\/\/residencialsananselmo.com\/wp-content\/uploads\/2024\/11\/modelo3-1536x1280.jpg 1536w, https:\/\/residencialsananselmo.com\/wp-content\/uploads\/2024\/11\/modelo3-14x12.jpg 14w, https:\/\/residencialsananselmo.com\/wp-content\/uploads\/2024\/11\/modelo3.jpg 1600w\" sizes=\"(max-width: 1024px) 100vw, 1024px\" \/>\t\t\t\t\t\t\t\t\t\t\t\t\t\t\t<\/div>\n\t\t\t\t<\/div>\n\t\t\t\t<div class=\"elementor-element elementor-element-3a27c89e elementor-widget elementor-widget-heading\" data-id=\"3a27c89e\" data-element_type=\"widget\" data-e-type=\"widget\" data-widget_type=\"heading.default\">\n\t\t\t\t<div class=\"elementor-widget-container\">\n\t\t\t\t\t<h2 class=\"elementor-heading-title elementor-size-default\">SUPERFICIE<\/h2>\t\t\t\t<\/div>\n\t\t\t\t<\/div>\n\t\t\t\t<div class=\"elementor-element elementor-element-280d5589 elementor-widget elementor-widget-heading\" data-id=\"280d5589\" data-element_type=\"widget\" data-e-type=\"widget\" data-widget_type=\"heading.default\">\n\t\t\t\t<div class=\"elementor-widget-container\">\n\t\t\t\t\t<h2 class=\"elementor-heading-title elementor-size-default\">113 m2<\/h2>\t\t\t\t<\/div>\n\t\t\t\t<\/div>\n\t\t\t\t<div class=\"elementor-element elementor-element-45739431 elementor-widget elementor-widget-heading\" data-id=\"45739431\" data-element_type=\"widget\" data-e-type=\"widget\" data-widget_type=\"heading.default\">\n\t\t\t\t<div class=\"elementor-widget-container\">\n\t\t\t\t\t<h2 class=\"elementor-heading-title elementor-size-default\">1 REC\u00c1MARA Y 1 NIVEL<\/h2>\t\t\t\t<\/div>\n\t\t\t\t<\/div>\n\t\t\t\t<div class=\"elementor-element elementor-element-4cbc408b elementor-widget elementor-widget-image\" data-id=\"4cbc408b\" data-element_type=\"widget\" data-e-type=\"widget\" data-widget_type=\"image.default\">\n\t\t\t\t<div class=\"elementor-widget-container\">\n\t\t\t\t\t\t\t\t\t\t\t\t\t\t\t<img decoding=\"async\" width=\"1024\" height=\"512\" src=\"https:\/\/residencialsananselmo.com\/wp-content\/uploads\/2024\/11\/8-1024x512.png\" class=\"attachment-large size-large wp-image-3088\" alt=\"\" srcset=\"https:\/\/residencialsananselmo.com\/wp-content\/uploads\/2024\/11\/8-1024x512.png 1024w, https:\/\/residencialsananselmo.com\/wp-content\/uploads\/2024\/11\/8-300x150.png 300w, https:\/\/residencialsananselmo.com\/wp-content\/uploads\/2024\/11\/8-768x384.png 768w, https:\/\/residencialsananselmo.com\/wp-content\/uploads\/2024\/11\/8-1536x768.png 1536w, https:\/\/residencialsananselmo.com\/wp-content\/uploads\/2024\/11\/8-18x9.png 18w, https:\/\/residencialsananselmo.com\/wp-content\/uploads\/2024\/11\/8.png 1563w\" sizes=\"(max-width: 1024px) 100vw, 1024px\" \/>\t\t\t\t\t\t\t\t\t\t\t\t\t\t\t<\/div>\n\t\t\t\t<\/div>\n\t\t\t\t<\/div>\n\t\t<div class=\"elementor-element elementor-element-4325cfe1 e-con-full e-flex e-con e-child\" data-id=\"4325cfe1\" data-element_type=\"container\" data-e-type=\"container\">\n\t\t\t\t<div class=\"elementor-element elementor-element-8058df0 elementor-widget elementor-widget-image\" data-id=\"8058df0\" data-element_type=\"widget\" data-e-type=\"widget\" data-widget_type=\"image.default\">\n\t\t\t\t<div class=\"elementor-widget-container\">\n\t\t\t\t\t\t\t\t\t\t\t\t\t\t\t<img decoding=\"async\" width=\"592\" height=\"1024\" src=\"https:\/\/residencialsananselmo.com\/wp-content\/uploads\/2024\/11\/plano-3-592x1024.jpg\" class=\"attachment-large size-large wp-image-3081\" alt=\"\" srcset=\"https:\/\/residencialsananselmo.com\/wp-content\/uploads\/2024\/11\/plano-3-592x1024.jpg 592w, https:\/\/residencialsananselmo.com\/wp-content\/uploads\/2024\/11\/plano-3-173x300.jpg 173w, https:\/\/residencialsananselmo.com\/wp-content\/uploads\/2024\/11\/plano-3-768x1328.jpg 768w, https:\/\/residencialsananselmo.com\/wp-content\/uploads\/2024\/11\/plano-3-888x1536.jpg 888w, https:\/\/residencialsananselmo.com\/wp-content\/uploads\/2024\/11\/plano-3-7x12.jpg 7w, https:\/\/residencialsananselmo.com\/wp-content\/uploads\/2024\/11\/plano-3.jpg 925w\" sizes=\"(max-width: 592px) 100vw, 592px\" \/>\t\t\t\t\t\t\t\t\t\t\t\t\t\t\t<\/div>\n\t\t\t\t<\/div>\n\t\t\t\t<\/div>\n\t\t\t\t\t<\/div>\n\t\t\t\t<\/div>\n\t\t<div class=\"elementor-element elementor-element-6e72dad2 e-flex e-con-boxed e-con e-parent\" data-id=\"6e72dad2\" data-element_type=\"container\" data-e-type=\"container\" data-settings=\"{&quot;background_background&quot;:&quot;classic&quot;}\">\n\t\t\t\t\t<div class=\"e-con-inner\">\n\t\t\t\t<div class=\"elementor-element elementor-element-734e792b elementor-widget elementor-widget-heading\" data-id=\"734e792b\" data-element_type=\"widget\" data-e-type=\"widget\" data-widget_type=\"heading.default\">\n\t\t\t\t<div class=\"elementor-widget-container\">\n\t\t\t\t\t<h2 class=\"elementor-heading-title elementor-size-default\">Contamos con un atractivo plan de financiamiento:<\/h2>\t\t\t\t<\/div>\n\t\t\t\t<\/div>\n\t\t\t\t<div class=\"elementor-element elementor-element-df61fbf elementor-widget elementor-widget-heading\" data-id=\"df61fbf\" data-element_type=\"widget\" data-e-type=\"widget\" data-widget_type=\"heading.default\">\n\t\t\t\t<div class=\"elementor-widget-container\">\n\t\t\t\t\t<h2 class=\"elementor-heading-title elementor-size-default\">Enganche de solo<\/h2>\t\t\t\t<\/div>\n\t\t\t\t<\/div>\n\t\t\t\t<div class=\"elementor-element elementor-element-2336867a elementor-widget elementor-widget-heading\" data-id=\"2336867a\" data-element_type=\"widget\" data-e-type=\"widget\" data-widget_type=\"heading.default\">\n\t\t\t\t<div class=\"elementor-widget-container\">\n\t\t\t\t\t<h2 class=\"elementor-heading-title elementor-size-default\">30%<\/h2>\t\t\t\t<\/div>\n\t\t\t\t<\/div>\n\t\t\t\t<div class=\"elementor-element elementor-element-397d8538 elementor-widget elementor-widget-heading\" data-id=\"397d8538\" data-element_type=\"widget\" data-e-type=\"widget\" data-widget_type=\"heading.default\">\n\t\t\t\t<div class=\"elementor-widget-container\">\n\t\t\t\t\t<h2 class=\"elementor-heading-title elementor-size-default\">y hasta<\/h2>\t\t\t\t<\/div>\n\t\t\t\t<\/div>\n\t\t\t\t<div class=\"elementor-element elementor-element-aca8c2c elementor-widget elementor-widget-heading\" data-id=\"aca8c2c\" data-element_type=\"widget\" data-e-type=\"widget\" data-widget_type=\"heading.default\">\n\t\t\t\t<div class=\"elementor-widget-container\">\n\t\t\t\t\t<h2 class=\"elementor-heading-title elementor-size-default\">48 MSI<\/h2>\t\t\t\t<\/div>\n\t\t\t\t<\/div>\n\t\t\t\t<div class=\"elementor-element elementor-element-6d8a9cb0 elementor-widget elementor-widget-image\" data-id=\"6d8a9cb0\" data-element_type=\"widget\" data-e-type=\"widget\" data-widget_type=\"image.default\">\n\t\t\t\t<div class=\"elementor-widget-container\">\n\t\t\t\t\t\t\t\t\t\t\t\t\t\t\t<img loading=\"lazy\" decoding=\"async\" width=\"1024\" height=\"512\" src=\"https:\/\/residencialsananselmo.com\/wp-content\/uploads\/2024\/11\/escudos2-1024x512.png\" class=\"attachment-large size-large wp-image-2879\" alt=\"\" srcset=\"https:\/\/residencialsananselmo.com\/wp-content\/uploads\/2024\/11\/escudos2-1024x512.png 1024w, https:\/\/residencialsananselmo.com\/wp-content\/uploads\/2024\/11\/escudos2-300x150.png 300w, https:\/\/residencialsananselmo.com\/wp-content\/uploads\/2024\/11\/escudos2-768x384.png 768w, https:\/\/residencialsananselmo.com\/wp-content\/uploads\/2024\/11\/escudos2-1536x768.png 1536w, https:\/\/residencialsananselmo.com\/wp-content\/uploads\/2024\/11\/escudos2-18x9.png 18w, https:\/\/residencialsananselmo.com\/wp-content\/uploads\/2024\/11\/escudos2.png 1561w\" sizes=\"(max-width: 1024px) 100vw, 1024px\" \/>\t\t\t\t\t\t\t\t\t\t\t\t\t\t\t<\/div>\n\t\t\t\t<\/div>\n\t\t\t\t\t<\/div>\n\t\t\t\t<\/div>\n\t\t<div class=\"elementor-element elementor-element-2feef137 e-flex e-con-boxed e-con e-parent\" data-id=\"2feef137\" data-element_type=\"container\" data-e-type=\"container\">\n\t\t\t\t\t<div class=\"e-con-inner\">\n\t\t<div class=\"elementor-element elementor-element-3362fde3 e-flex e-con-boxed e-con e-child\" data-id=\"3362fde3\" data-element_type=\"container\" data-e-type=\"container\">\n\t\t\t\t\t<div class=\"e-con-inner\">\n\t\t<div class=\"elementor-element elementor-element-5a77d32e e-con-full e-flex e-con e-child\" data-id=\"5a77d32e\" data-element_type=\"container\" data-e-type=\"container\">\n\t\t\t\t<div class=\"elementor-element elementor-element-554e185d elementor-widget elementor-widget-heading\" data-id=\"554e185d\" data-element_type=\"widget\" data-e-type=\"widget\" data-widget_type=\"heading.default\">\n\t\t\t\t<div class=\"elementor-widget-container\">\n\t\t\t\t\t<h2 class=\"elementor-heading-title elementor-size-default\">\u00bfDesea que uno de nuestros asesores inmobiliario le contacte?<\/h2>\t\t\t\t<\/div>\n\t\t\t\t<\/div>\n\t\t\t\t<\/div>\n\t\t<div class=\"elementor-element elementor-element-f5b6c23 e-con-full e-flex e-con e-child\" data-id=\"f5b6c23\" data-element_type=\"container\" data-e-type=\"container\">\n\t\t\t\t<div class=\"elementor-element elementor-element-1a3d78d5 elementor-tablet-align-right elementor-mobile-align-center elementor-align-right elementor-widget elementor-widget-button\" data-id=\"1a3d78d5\" data-element_type=\"widget\" data-e-type=\"widget\" data-widget_type=\"button.default\">\n\t\t\t\t<div class=\"elementor-widget-container\">\n\t\t\t\t\t\t\t\t\t<div class=\"elementor-button-wrapper\">\n\t\t\t\t\t<a class=\"elementor-button elementor-button-link elementor-size-sm\" href=\"https:\/\/residencialsananselmo.com\/en\/contactenos\/\">\n\t\t\t\t\t\t<span class=\"elementor-button-content-wrapper\">\n\t\t\t\t\t\t<span class=\"elementor-button-icon\">\n\t\t\t\t<svg aria-hidden=\"true\" class=\"e-font-icon-svg e-far-address-book\" viewbox=\"0 0 448 512\" xmlns=\"http:\/\/www.w3.org\/2000\/svg\"><path d=\"M436 160c6.6 0 12-5.4 12-12v-40c0-6.6-5.4-12-12-12h-20V48c0-26.5-21.5-48-48-48H48C21.5 0 0 21.5 0 48v416c0 26.5 21.5 48 48 48h320c26.5 0 48-21.5 48-48v-48h20c6.6 0 12-5.4 12-12v-40c0-6.6-5.4-12-12-12h-20v-64h20c6.6 0 12-5.4 12-12v-40c0-6.6-5.4-12-12-12h-20v-64h20zm-68 304H48V48h320v416zM208 256c35.3 0 64-28.7 64-64s-28.7-64-64-64-64 28.7-64 64 28.7 64 64 64zm-89.6 128h179.2c12.4 0 22.4-8.6 22.4-19.2v-19.2c0-31.8-30.1-57.6-67.2-57.6-10.8 0-18.7 8-44.8 8-26.9 0-33.4-8-44.8-8-37.1 0-67.2 25.8-67.2 57.6v19.2c0 10.6 10 19.2 22.4 19.2z\"><\/path><\/svg>\t\t\t<\/span>\n\t\t\t\t\t\t\t\t\t<span class=\"elementor-button-text\">To schedule an appointment<\/span>\n\t\t\t\t\t<\/span>\n\t\t\t\t\t<\/a>\n\t\t\t\t<\/div>\n\t\t\t\t\t\t\t\t<\/div>\n\t\t\t\t<\/div>\n\t\t\t\t<\/div>\n\t\t\t\t\t<\/div>\n\t\t\t\t<\/div>\n\t\t\t\t\t<\/div>\n\t\t\t\t<\/div>\n\t\t<div class=\"elementor-element elementor-element-39b1d2f5 e-flex e-con-boxed e-con e-parent\" data-id=\"39b1d2f5\" data-element_type=\"container\" data-e-type=\"container\">\n\t\t\t\t\t<div class=\"e-con-inner\">\n\t\t<a class=\"elementor-element elementor-element-db0724f e-con-full e-flex e-con e-child\" data-id=\"db0724f\" data-element_type=\"container\" data-e-type=\"container\" data-settings=\"{&quot;background_background&quot;:&quot;classic&quot;}\" href=\"https:\/\/residencialsananselmo.com\/en\/modelo-2\/\">\n\t\t\t\t<div class=\"elementor-element elementor-element-294bdcbc elementor-widget elementor-widget-heading\" data-id=\"294bdcbc\" data-element_type=\"widget\" data-e-type=\"widget\" data-widget_type=\"heading.default\">\n\t\t\t\t<div class=\"elementor-widget-container\">\n\t\t\t\t\t<h2 class=\"elementor-heading-title elementor-size-default\">&lt; Modelo 2<\/h2>\t\t\t\t<\/div>\n\t\t\t\t<\/div>\n\t\t\t\t<\/a>\n\t\t<a class=\"elementor-element elementor-element-6220b562 e-con-full e-flex e-con e-child\" data-id=\"6220b562\" data-element_type=\"container\" data-e-type=\"container\" data-settings=\"{&quot;background_background&quot;:&quot;classic&quot;}\" href=\"https:\/\/residencialsananselmo.com\/en\/modelo-4\/\">\n\t\t\t\t<div class=\"elementor-element elementor-element-2c0df72f elementor-widget elementor-widget-heading\" data-id=\"2c0df72f\" data-element_type=\"widget\" data-e-type=\"widget\" data-widget_type=\"heading.default\">\n\t\t\t\t<div class=\"elementor-widget-container\">\n\t\t\t\t\t<h2 class=\"elementor-heading-title elementor-size-default\">Modelo 4 &gt;<\/h2>\t\t\t\t<\/div>\n\t\t\t\t<\/div>\n\t\t\t\t<\/a>\n\t\t\t\t\t<\/div>\n\t\t\t\t<\/div>\n\t\t\t\t<\/div>","protected":false},"excerpt":{"rendered":"<p>Este modelo de dos rec\u00e1maras en un nivel es ideal para quienes buscan comodidad y funcionalidad en cada espacio. Perfecto para parejas o familias peque\u00f1as, ofrece un dise\u00f1o pr\u00e1ctico que integra cada ambiente para crear un hogar c\u00e1lido y acogedor. SUPERFICIE 113 m2 1 REC\u00c1MARA Y 1 NIVEL Contamos con un atractivo plan de financiamiento: [&hellip;]<\/p>\n","protected":false},"author":1,"featured_media":0,"parent":0,"menu_order":0,"comment_status":"closed","ping_status":"closed","template":"","meta":{"om_disable_all_campaigns":false,"_monsterinsights_skip_tracking":false,"_monsterinsights_sitenote_active":false,"_monsterinsights_sitenote_note":"","_monsterinsights_sitenote_category":0,"_joinchat":[],"footnotes":""},"class_list":["post-3062","page","type-page","status-publish","hentry"],"blocksy_meta":[],"aioseo_notices":[],"_links":{"self":[{"href":"https:\/\/residencialsananselmo.com\/en\/wp-json\/wp\/v2\/pages\/3062","targetHints":{"allow":["GET"]}}],"collection":[{"href":"https:\/\/residencialsananselmo.com\/en\/wp-json\/wp\/v2\/pages"}],"about":[{"href":"https:\/\/residencialsananselmo.com\/en\/wp-json\/wp\/v2\/types\/page"}],"author":[{"embeddable":true,"href":"https:\/\/residencialsananselmo.com\/en\/wp-json\/wp\/v2\/users\/1"}],"replies":[{"embeddable":true,"href":"https:\/\/residencialsananselmo.com\/en\/wp-json\/wp\/v2\/comments?post=3062"}],"version-history":[{"count":7,"href":"https:\/\/residencialsananselmo.com\/en\/wp-json\/wp\/v2\/pages\/3062\/revisions"}],"predecessor-version":[{"id":3140,"href":"https:\/\/residencialsananselmo.com\/en\/wp-json\/wp\/v2\/pages\/3062\/revisions\/3140"}],"wp:attachment":[{"href":"https:\/\/residencialsananselmo.com\/en\/wp-json\/wp\/v2\/media?parent=3062"}],"curies":[{"name":"wp","href":"https:\/\/api.w.org\/{rel}","templated":true}]}}