{"id":3066,"date":"2024-11-25T01:11:50","date_gmt":"2024-11-25T01:11:50","guid":{"rendered":"https:\/\/residencialsananselmo.com\/?page_id=3066"},"modified":"2024-11-25T02:07:20","modified_gmt":"2024-11-25T02:07:20","slug":"modelo-5","status":"publish","type":"page","link":"https:\/\/residencialsananselmo.com\/en\/modelo-5\/","title":{"rendered":"Modelo 5"},"content":{"rendered":"<div data-elementor-type=\"wp-page\" data-elementor-id=\"3066\" class=\"elementor elementor-3066\">\n\t\t\t\t<div class=\"elementor-element elementor-element-7d1bda98 e-flex e-con-boxed e-con e-parent\" data-id=\"7d1bda98\" data-element_type=\"container\" data-e-type=\"container\">\n\t\t\t\t\t<div class=\"e-con-inner\">\n\t\t\t\t<div class=\"elementor-element elementor-element-17bce3bf elementor-widget elementor-widget-text-editor\" data-id=\"17bce3bf\" data-element_type=\"widget\" data-e-type=\"widget\" data-widget_type=\"text-editor.default\">\n\t\t\t\t<div class=\"elementor-widget-container\">\n\t\t\t\t\t\t\t\t\t<p>Este modelo de una rec\u00e1mara en un solo nivel ofrece un espacio pr\u00e1ctico y acogedor. Ideal para quienes buscan simplicidad y confort, combina dise\u00f1o funcional con acabados de alta calidad, brindando un ambiente perfecto para descansar y disfrutar<\/p>\t\t\t\t\t\t\t\t<\/div>\n\t\t\t\t<\/div>\n\t\t\t\t\t<\/div>\n\t\t\t\t<\/div>\n\t\t<div class=\"elementor-element elementor-element-3f951136 e-flex e-con-boxed e-con e-parent\" data-id=\"3f951136\" data-element_type=\"container\" data-e-type=\"container\">\n\t\t\t\t\t<div class=\"e-con-inner\">\n\t\t<div class=\"elementor-element elementor-element-211ba501 e-con-full e-flex e-con e-child\" data-id=\"211ba501\" data-element_type=\"container\" data-e-type=\"container\">\n\t\t\t\t<div class=\"elementor-element elementor-element-3a0993a7 elementor-widget elementor-widget-image\" data-id=\"3a0993a7\" data-element_type=\"widget\" data-e-type=\"widget\" data-widget_type=\"image.default\">\n\t\t\t\t<div class=\"elementor-widget-container\">\n\t\t\t\t\t\t\t\t\t\t\t\t\t\t\t<img fetchpriority=\"high\" decoding=\"async\" width=\"1024\" height=\"852\" src=\"https:\/\/residencialsananselmo.com\/wp-content\/uploads\/2024\/11\/modelo5-1024x852.jpg\" class=\"attachment-large size-large wp-image-2964\" alt=\"\" srcset=\"https:\/\/residencialsananselmo.com\/wp-content\/uploads\/2024\/11\/modelo5-1024x852.jpg 1024w, https:\/\/residencialsananselmo.com\/wp-content\/uploads\/2024\/11\/modelo5-300x250.jpg 300w, https:\/\/residencialsananselmo.com\/wp-content\/uploads\/2024\/11\/modelo5-768x639.jpg 768w, https:\/\/residencialsananselmo.com\/wp-content\/uploads\/2024\/11\/modelo5-1536x1279.jpg 1536w, https:\/\/residencialsananselmo.com\/wp-content\/uploads\/2024\/11\/modelo5-14x12.jpg 14w, https:\/\/residencialsananselmo.com\/wp-content\/uploads\/2024\/11\/modelo5.jpg 1600w\" sizes=\"(max-width: 1024px) 100vw, 1024px\" \/>\t\t\t\t\t\t\t\t\t\t\t\t\t\t\t<\/div>\n\t\t\t\t<\/div>\n\t\t\t\t<div class=\"elementor-element elementor-element-1b168d1e elementor-widget elementor-widget-heading\" data-id=\"1b168d1e\" data-element_type=\"widget\" data-e-type=\"widget\" data-widget_type=\"heading.default\">\n\t\t\t\t<div class=\"elementor-widget-container\">\n\t\t\t\t\t<h2 class=\"elementor-heading-title elementor-size-default\">SUPERFICIE<\/h2>\t\t\t\t<\/div>\n\t\t\t\t<\/div>\n\t\t\t\t<div class=\"elementor-element elementor-element-52ceb0fe elementor-widget elementor-widget-heading\" data-id=\"52ceb0fe\" data-element_type=\"widget\" data-e-type=\"widget\" data-widget_type=\"heading.default\">\n\t\t\t\t<div class=\"elementor-widget-container\">\n\t\t\t\t\t<h2 class=\"elementor-heading-title elementor-size-default\">164 m2<\/h2>\t\t\t\t<\/div>\n\t\t\t\t<\/div>\n\t\t\t\t<div class=\"elementor-element elementor-element-22ae3b02 elementor-widget elementor-widget-heading\" data-id=\"22ae3b02\" data-element_type=\"widget\" data-e-type=\"widget\" data-widget_type=\"heading.default\">\n\t\t\t\t<div class=\"elementor-widget-container\">\n\t\t\t\t\t<h2 class=\"elementor-heading-title elementor-size-default\">1 REC\u00c1MARA Y 1 NIVEL<\/h2>\t\t\t\t<\/div>\n\t\t\t\t<\/div>\n\t\t\t\t<div class=\"elementor-element elementor-element-3fc6802b elementor-widget elementor-widget-image\" data-id=\"3fc6802b\" data-element_type=\"widget\" data-e-type=\"widget\" data-widget_type=\"image.default\">\n\t\t\t\t<div class=\"elementor-widget-container\">\n\t\t\t\t\t\t\t\t\t\t\t\t\t\t\t<img decoding=\"async\" width=\"1024\" height=\"512\" src=\"https:\/\/residencialsananselmo.com\/wp-content\/uploads\/2024\/11\/10-1024x512.png\" class=\"attachment-large size-large wp-image-3090\" alt=\"\" srcset=\"https:\/\/residencialsananselmo.com\/wp-content\/uploads\/2024\/11\/10-1024x512.png 1024w, https:\/\/residencialsananselmo.com\/wp-content\/uploads\/2024\/11\/10-300x150.png 300w, https:\/\/residencialsananselmo.com\/wp-content\/uploads\/2024\/11\/10-768x384.png 768w, https:\/\/residencialsananselmo.com\/wp-content\/uploads\/2024\/11\/10-1536x768.png 1536w, https:\/\/residencialsananselmo.com\/wp-content\/uploads\/2024\/11\/10-18x9.png 18w, https:\/\/residencialsananselmo.com\/wp-content\/uploads\/2024\/11\/10.png 1563w\" sizes=\"(max-width: 1024px) 100vw, 1024px\" \/>\t\t\t\t\t\t\t\t\t\t\t\t\t\t\t<\/div>\n\t\t\t\t<\/div>\n\t\t\t\t<\/div>\n\t\t<div class=\"elementor-element elementor-element-197bf805 e-con-full e-flex e-con e-child\" data-id=\"197bf805\" data-element_type=\"container\" data-e-type=\"container\">\n\t\t\t\t<div class=\"elementor-element elementor-element-2dc9499d elementor-widget elementor-widget-image\" data-id=\"2dc9499d\" data-element_type=\"widget\" data-e-type=\"widget\" data-widget_type=\"image.default\">\n\t\t\t\t<div class=\"elementor-widget-container\">\n\t\t\t\t\t\t\t\t\t\t\t\t\t\t\t<img decoding=\"async\" width=\"557\" height=\"1024\" src=\"https:\/\/residencialsananselmo.com\/wp-content\/uploads\/2024\/11\/plano-5-557x1024.jpg\" class=\"attachment-large size-large wp-image-3085\" alt=\"\" srcset=\"https:\/\/residencialsananselmo.com\/wp-content\/uploads\/2024\/11\/plano-5-557x1024.jpg 557w, https:\/\/residencialsananselmo.com\/wp-content\/uploads\/2024\/11\/plano-5-163x300.jpg 163w, https:\/\/residencialsananselmo.com\/wp-content\/uploads\/2024\/11\/plano-5-768x1411.jpg 768w, https:\/\/residencialsananselmo.com\/wp-content\/uploads\/2024\/11\/plano-5-836x1536.jpg 836w, https:\/\/residencialsananselmo.com\/wp-content\/uploads\/2024\/11\/plano-5-7x12.jpg 7w, https:\/\/residencialsananselmo.com\/wp-content\/uploads\/2024\/11\/plano-5.jpg 871w\" sizes=\"(max-width: 557px) 100vw, 557px\" \/>\t\t\t\t\t\t\t\t\t\t\t\t\t\t\t<\/div>\n\t\t\t\t<\/div>\n\t\t\t\t<\/div>\n\t\t\t\t\t<\/div>\n\t\t\t\t<\/div>\n\t\t<div class=\"elementor-element elementor-element-483064b3 e-flex e-con-boxed e-con e-parent\" data-id=\"483064b3\" data-element_type=\"container\" data-e-type=\"container\" data-settings=\"{&quot;background_background&quot;:&quot;classic&quot;}\">\n\t\t\t\t\t<div class=\"e-con-inner\">\n\t\t\t\t<div class=\"elementor-element elementor-element-7cd0c1c0 elementor-widget elementor-widget-heading\" data-id=\"7cd0c1c0\" data-element_type=\"widget\" data-e-type=\"widget\" data-widget_type=\"heading.default\">\n\t\t\t\t<div class=\"elementor-widget-container\">\n\t\t\t\t\t<h2 class=\"elementor-heading-title elementor-size-default\">Contamos con un atractivo plan de financiamiento:<\/h2>\t\t\t\t<\/div>\n\t\t\t\t<\/div>\n\t\t\t\t<div class=\"elementor-element elementor-element-74cd4d3c elementor-widget elementor-widget-heading\" data-id=\"74cd4d3c\" data-element_type=\"widget\" data-e-type=\"widget\" data-widget_type=\"heading.default\">\n\t\t\t\t<div class=\"elementor-widget-container\">\n\t\t\t\t\t<h2 class=\"elementor-heading-title elementor-size-default\">Enganche de solo<\/h2>\t\t\t\t<\/div>\n\t\t\t\t<\/div>\n\t\t\t\t<div class=\"elementor-element elementor-element-1c848123 elementor-widget elementor-widget-heading\" data-id=\"1c848123\" data-element_type=\"widget\" data-e-type=\"widget\" data-widget_type=\"heading.default\">\n\t\t\t\t<div class=\"elementor-widget-container\">\n\t\t\t\t\t<h2 class=\"elementor-heading-title elementor-size-default\">30%<\/h2>\t\t\t\t<\/div>\n\t\t\t\t<\/div>\n\t\t\t\t<div class=\"elementor-element elementor-element-74d35922 elementor-widget elementor-widget-heading\" data-id=\"74d35922\" data-element_type=\"widget\" data-e-type=\"widget\" data-widget_type=\"heading.default\">\n\t\t\t\t<div class=\"elementor-widget-container\">\n\t\t\t\t\t<h2 class=\"elementor-heading-title elementor-size-default\">y hasta<\/h2>\t\t\t\t<\/div>\n\t\t\t\t<\/div>\n\t\t\t\t<div class=\"elementor-element elementor-element-721c1465 elementor-widget elementor-widget-heading\" data-id=\"721c1465\" data-element_type=\"widget\" data-e-type=\"widget\" data-widget_type=\"heading.default\">\n\t\t\t\t<div class=\"elementor-widget-container\">\n\t\t\t\t\t<h2 class=\"elementor-heading-title elementor-size-default\">48 MSI<\/h2>\t\t\t\t<\/div>\n\t\t\t\t<\/div>\n\t\t\t\t<div class=\"elementor-element elementor-element-11b7930a elementor-widget elementor-widget-image\" data-id=\"11b7930a\" data-element_type=\"widget\" data-e-type=\"widget\" data-widget_type=\"image.default\">\n\t\t\t\t<div class=\"elementor-widget-container\">\n\t\t\t\t\t\t\t\t\t\t\t\t\t\t\t<img loading=\"lazy\" decoding=\"async\" width=\"1024\" height=\"512\" src=\"https:\/\/residencialsananselmo.com\/wp-content\/uploads\/2024\/11\/escudos2-1024x512.png\" class=\"attachment-large size-large wp-image-2879\" alt=\"\" srcset=\"https:\/\/residencialsananselmo.com\/wp-content\/uploads\/2024\/11\/escudos2-1024x512.png 1024w, https:\/\/residencialsananselmo.com\/wp-content\/uploads\/2024\/11\/escudos2-300x150.png 300w, https:\/\/residencialsananselmo.com\/wp-content\/uploads\/2024\/11\/escudos2-768x384.png 768w, https:\/\/residencialsananselmo.com\/wp-content\/uploads\/2024\/11\/escudos2-1536x768.png 1536w, https:\/\/residencialsananselmo.com\/wp-content\/uploads\/2024\/11\/escudos2-18x9.png 18w, https:\/\/residencialsananselmo.com\/wp-content\/uploads\/2024\/11\/escudos2.png 1561w\" sizes=\"(max-width: 1024px) 100vw, 1024px\" \/>\t\t\t\t\t\t\t\t\t\t\t\t\t\t\t<\/div>\n\t\t\t\t<\/div>\n\t\t\t\t\t<\/div>\n\t\t\t\t<\/div>\n\t\t<div class=\"elementor-element elementor-element-38603c55 e-flex e-con-boxed e-con e-parent\" data-id=\"38603c55\" data-element_type=\"container\" data-e-type=\"container\">\n\t\t\t\t\t<div class=\"e-con-inner\">\n\t\t<div class=\"elementor-element elementor-element-54656312 e-flex e-con-boxed e-con e-child\" data-id=\"54656312\" data-element_type=\"container\" data-e-type=\"container\">\n\t\t\t\t\t<div class=\"e-con-inner\">\n\t\t<div class=\"elementor-element elementor-element-216dfeb3 e-con-full e-flex e-con e-child\" data-id=\"216dfeb3\" data-element_type=\"container\" data-e-type=\"container\">\n\t\t\t\t<div class=\"elementor-element elementor-element-3df95e76 elementor-widget elementor-widget-heading\" data-id=\"3df95e76\" data-element_type=\"widget\" data-e-type=\"widget\" data-widget_type=\"heading.default\">\n\t\t\t\t<div class=\"elementor-widget-container\">\n\t\t\t\t\t<h2 class=\"elementor-heading-title elementor-size-default\">\u00bfDesea que uno de nuestros asesores inmobiliario le contacte?<\/h2>\t\t\t\t<\/div>\n\t\t\t\t<\/div>\n\t\t\t\t<\/div>\n\t\t<div class=\"elementor-element elementor-element-3f1c310f e-con-full e-flex e-con e-child\" data-id=\"3f1c310f\" data-element_type=\"container\" data-e-type=\"container\">\n\t\t\t\t<div class=\"elementor-element elementor-element-4ef16814 elementor-tablet-align-right elementor-mobile-align-center elementor-align-right elementor-widget elementor-widget-button\" data-id=\"4ef16814\" data-element_type=\"widget\" data-e-type=\"widget\" data-widget_type=\"button.default\">\n\t\t\t\t<div class=\"elementor-widget-container\">\n\t\t\t\t\t\t\t\t\t<div class=\"elementor-button-wrapper\">\n\t\t\t\t\t<a class=\"elementor-button elementor-button-link elementor-size-sm\" href=\"https:\/\/residencialsananselmo.com\/en\/contactenos\/\">\n\t\t\t\t\t\t<span class=\"elementor-button-content-wrapper\">\n\t\t\t\t\t\t<span class=\"elementor-button-icon\">\n\t\t\t\t<svg aria-hidden=\"true\" class=\"e-font-icon-svg e-far-address-book\" viewbox=\"0 0 448 512\" xmlns=\"http:\/\/www.w3.org\/2000\/svg\"><path d=\"M436 160c6.6 0 12-5.4 12-12v-40c0-6.6-5.4-12-12-12h-20V48c0-26.5-21.5-48-48-48H48C21.5 0 0 21.5 0 48v416c0 26.5 21.5 48 48 48h320c26.5 0 48-21.5 48-48v-48h20c6.6 0 12-5.4 12-12v-40c0-6.6-5.4-12-12-12h-20v-64h20c6.6 0 12-5.4 12-12v-40c0-6.6-5.4-12-12-12h-20v-64h20zm-68 304H48V48h320v416zM208 256c35.3 0 64-28.7 64-64s-28.7-64-64-64-64 28.7-64 64 28.7 64 64 64zm-89.6 128h179.2c12.4 0 22.4-8.6 22.4-19.2v-19.2c0-31.8-30.1-57.6-67.2-57.6-10.8 0-18.7 8-44.8 8-26.9 0-33.4-8-44.8-8-37.1 0-67.2 25.8-67.2 57.6v19.2c0 10.6 10 19.2 22.4 19.2z\"><\/path><\/svg>\t\t\t<\/span>\n\t\t\t\t\t\t\t\t\t<span class=\"elementor-button-text\">To schedule an appointment<\/span>\n\t\t\t\t\t<\/span>\n\t\t\t\t\t<\/a>\n\t\t\t\t<\/div>\n\t\t\t\t\t\t\t\t<\/div>\n\t\t\t\t<\/div>\n\t\t\t\t<\/div>\n\t\t\t\t\t<\/div>\n\t\t\t\t<\/div>\n\t\t\t\t\t<\/div>\n\t\t\t\t<\/div>\n\t\t<div class=\"elementor-element elementor-element-5c004dd4 e-flex e-con-boxed e-con e-parent\" data-id=\"5c004dd4\" data-element_type=\"container\" data-e-type=\"container\">\n\t\t\t\t\t<div class=\"e-con-inner\">\n\t\t<a class=\"elementor-element elementor-element-1d90a5b5 e-con-full e-flex e-con e-child\" data-id=\"1d90a5b5\" data-element_type=\"container\" data-e-type=\"container\" data-settings=\"{&quot;background_background&quot;:&quot;classic&quot;}\" href=\"https:\/\/residencialsananselmo.com\/en\/modelo-4\/\">\n\t\t\t\t<div class=\"elementor-element elementor-element-3cf29b89 elementor-widget elementor-widget-heading\" data-id=\"3cf29b89\" data-element_type=\"widget\" data-e-type=\"widget\" data-widget_type=\"heading.default\">\n\t\t\t\t<div class=\"elementor-widget-container\">\n\t\t\t\t\t<h2 class=\"elementor-heading-title elementor-size-default\">&lt; Modelo 4<\/h2>\t\t\t\t<\/div>\n\t\t\t\t<\/div>\n\t\t\t\t<\/a>\n\t\t<a class=\"elementor-element elementor-element-1c2488de e-con-full e-flex e-con e-child\" data-id=\"1c2488de\" data-element_type=\"container\" data-e-type=\"container\" data-settings=\"{&quot;background_background&quot;:&quot;classic&quot;}\" href=\"https:\/\/residencialsananselmo.com\/en\/modelo-6\/\">\n\t\t\t\t<div class=\"elementor-element elementor-element-65d696f5 elementor-widget elementor-widget-heading\" data-id=\"65d696f5\" data-element_type=\"widget\" data-e-type=\"widget\" data-widget_type=\"heading.default\">\n\t\t\t\t<div class=\"elementor-widget-container\">\n\t\t\t\t\t<h2 class=\"elementor-heading-title elementor-size-default\">Modelo 6 &gt;<\/h2>\t\t\t\t<\/div>\n\t\t\t\t<\/div>\n\t\t\t\t<\/a>\n\t\t\t\t\t<\/div>\n\t\t\t\t<\/div>\n\t\t\t\t<\/div>","protected":false},"excerpt":{"rendered":"<p>Este modelo de una rec\u00e1mara en un solo nivel ofrece un espacio pr\u00e1ctico y acogedor. Ideal para quienes buscan simplicidad y confort, combina dise\u00f1o funcional con acabados de alta calidad, brindando un ambiente perfecto para descansar y disfrutar SUPERFICIE 164 m2 1 REC\u00c1MARA Y 1 NIVEL Contamos con un atractivo plan de financiamiento: Enganche de [&hellip;]<\/p>\n","protected":false},"author":1,"featured_media":0,"parent":0,"menu_order":0,"comment_status":"closed","ping_status":"closed","template":"","meta":{"om_disable_all_campaigns":false,"_monsterinsights_skip_tracking":false,"_monsterinsights_sitenote_active":false,"_monsterinsights_sitenote_note":"","_monsterinsights_sitenote_category":0,"_joinchat":[],"footnotes":""},"class_list":["post-3066","page","type-page","status-publish","hentry"],"blocksy_meta":[],"aioseo_notices":[],"_links":{"self":[{"href":"https:\/\/residencialsananselmo.com\/en\/wp-json\/wp\/v2\/pages\/3066","targetHints":{"allow":["GET"]}}],"collection":[{"href":"https:\/\/residencialsananselmo.com\/en\/wp-json\/wp\/v2\/pages"}],"about":[{"href":"https:\/\/residencialsananselmo.com\/en\/wp-json\/wp\/v2\/types\/page"}],"author":[{"embeddable":true,"href":"https:\/\/residencialsananselmo.com\/en\/wp-json\/wp\/v2\/users\/1"}],"replies":[{"embeddable":true,"href":"https:\/\/residencialsananselmo.com\/en\/wp-json\/wp\/v2\/comments?post=3066"}],"version-history":[{"count":7,"href":"https:\/\/residencialsananselmo.com\/en\/wp-json\/wp\/v2\/pages\/3066\/revisions"}],"predecessor-version":[{"id":3159,"href":"https:\/\/residencialsananselmo.com\/en\/wp-json\/wp\/v2\/pages\/3066\/revisions\/3159"}],"wp:attachment":[{"href":"https:\/\/residencialsananselmo.com\/en\/wp-json\/wp\/v2\/media?parent=3066"}],"curies":[{"name":"wp","href":"https:\/\/api.w.org\/{rel}","templated":true}]}}