{"id":3068,"date":"2024-11-25T01:12:04","date_gmt":"2024-11-25T01:12:04","guid":{"rendered":"https:\/\/residencialsananselmo.com\/?page_id=3068"},"modified":"2024-11-25T02:43:04","modified_gmt":"2024-11-25T02:43:04","slug":"modelo-6","status":"publish","type":"page","link":"https:\/\/residencialsananselmo.com\/en\/modelo-6\/","title":{"rendered":"Modelo 6"},"content":{"rendered":"<div data-elementor-type=\"wp-page\" data-elementor-id=\"3068\" class=\"elementor elementor-3068\">\n\t\t\t\t<div class=\"elementor-element elementor-element-63b0032e e-flex e-con-boxed e-con e-parent\" data-id=\"63b0032e\" data-element_type=\"container\" data-e-type=\"container\">\n\t\t\t\t\t<div class=\"e-con-inner\">\n\t\t\t\t<div class=\"elementor-element elementor-element-30a8ee7a elementor-widget elementor-widget-text-editor\" data-id=\"30a8ee7a\" data-element_type=\"widget\" data-e-type=\"widget\" data-widget_type=\"text-editor.default\">\n\t\t\t\t<div class=\"elementor-widget-container\">\n\t\t\t\t\t\t\t\t\t<p>Este modelo de una rec\u00e1mara en un solo nivel ofrece un espacio pr\u00e1ctico y acogedor. Ideal para quienes buscan simplicidad y confort, combina dise\u00f1o funcional con acabados de alta calidad, brindando un ambiente perfecto para descansar y disfrutar<\/p>\t\t\t\t\t\t\t\t<\/div>\n\t\t\t\t<\/div>\n\t\t\t\t\t<\/div>\n\t\t\t\t<\/div>\n\t\t<div class=\"elementor-element elementor-element-75156e02 e-flex e-con-boxed e-con e-parent\" data-id=\"75156e02\" data-element_type=\"container\" data-e-type=\"container\">\n\t\t\t\t\t<div class=\"e-con-inner\">\n\t\t<div class=\"elementor-element elementor-element-4ce308dc e-con-full e-flex e-con e-child\" data-id=\"4ce308dc\" data-element_type=\"container\" data-e-type=\"container\">\n\t\t\t\t<div class=\"elementor-element elementor-element-df2eb13 elementor-widget elementor-widget-image\" data-id=\"df2eb13\" data-element_type=\"widget\" data-e-type=\"widget\" data-widget_type=\"image.default\">\n\t\t\t\t<div class=\"elementor-widget-container\">\n\t\t\t\t\t\t\t\t\t\t\t\t\t\t\t<img fetchpriority=\"high\" decoding=\"async\" width=\"1024\" height=\"852\" src=\"https:\/\/residencialsananselmo.com\/wp-content\/uploads\/2024\/11\/modelo-6-1024x852.jpg\" class=\"attachment-large size-large wp-image-2965\" alt=\"\" srcset=\"https:\/\/residencialsananselmo.com\/wp-content\/uploads\/2024\/11\/modelo-6-1024x852.jpg 1024w, https:\/\/residencialsananselmo.com\/wp-content\/uploads\/2024\/11\/modelo-6-300x250.jpg 300w, https:\/\/residencialsananselmo.com\/wp-content\/uploads\/2024\/11\/modelo-6-768x639.jpg 768w, https:\/\/residencialsananselmo.com\/wp-content\/uploads\/2024\/11\/modelo-6-1536x1279.jpg 1536w, https:\/\/residencialsananselmo.com\/wp-content\/uploads\/2024\/11\/modelo-6-14x12.jpg 14w, https:\/\/residencialsananselmo.com\/wp-content\/uploads\/2024\/11\/modelo-6.jpg 1600w\" sizes=\"(max-width: 1024px) 100vw, 1024px\" \/>\t\t\t\t\t\t\t\t\t\t\t\t\t\t\t<\/div>\n\t\t\t\t<\/div>\n\t\t\t\t<div class=\"elementor-element elementor-element-72f5f8cf elementor-widget elementor-widget-heading\" data-id=\"72f5f8cf\" data-element_type=\"widget\" data-e-type=\"widget\" data-widget_type=\"heading.default\">\n\t\t\t\t<div class=\"elementor-widget-container\">\n\t\t\t\t\t<h2 class=\"elementor-heading-title elementor-size-default\">SUPERFICIE<\/h2>\t\t\t\t<\/div>\n\t\t\t\t<\/div>\n\t\t\t\t<div class=\"elementor-element elementor-element-173d6996 elementor-widget elementor-widget-heading\" data-id=\"173d6996\" data-element_type=\"widget\" data-e-type=\"widget\" data-widget_type=\"heading.default\">\n\t\t\t\t<div class=\"elementor-widget-container\">\n\t\t\t\t\t<h2 class=\"elementor-heading-title elementor-size-default\">166 m2<\/h2>\t\t\t\t<\/div>\n\t\t\t\t<\/div>\n\t\t\t\t<div class=\"elementor-element elementor-element-4ac9e849 elementor-widget elementor-widget-heading\" data-id=\"4ac9e849\" data-element_type=\"widget\" data-e-type=\"widget\" data-widget_type=\"heading.default\">\n\t\t\t\t<div class=\"elementor-widget-container\">\n\t\t\t\t\t<h2 class=\"elementor-heading-title elementor-size-default\">1 REC\u00c1MARA Y 1 NIVEL<\/h2>\t\t\t\t<\/div>\n\t\t\t\t<\/div>\n\t\t\t\t<div class=\"elementor-element elementor-element-43182e4d elementor-widget elementor-widget-image\" data-id=\"43182e4d\" data-element_type=\"widget\" data-e-type=\"widget\" data-widget_type=\"image.default\">\n\t\t\t\t<div class=\"elementor-widget-container\">\n\t\t\t\t\t\t\t\t\t\t\t\t\t\t\t<img decoding=\"async\" width=\"1024\" height=\"512\" src=\"https:\/\/residencialsananselmo.com\/wp-content\/uploads\/2024\/11\/11-1024x512.png\" class=\"attachment-large size-large wp-image-3091\" alt=\"\" srcset=\"https:\/\/residencialsananselmo.com\/wp-content\/uploads\/2024\/11\/11-1024x512.png 1024w, https:\/\/residencialsananselmo.com\/wp-content\/uploads\/2024\/11\/11-300x150.png 300w, https:\/\/residencialsananselmo.com\/wp-content\/uploads\/2024\/11\/11-768x384.png 768w, https:\/\/residencialsananselmo.com\/wp-content\/uploads\/2024\/11\/11-1536x768.png 1536w, https:\/\/residencialsananselmo.com\/wp-content\/uploads\/2024\/11\/11-18x9.png 18w, https:\/\/residencialsananselmo.com\/wp-content\/uploads\/2024\/11\/11.png 1563w\" sizes=\"(max-width: 1024px) 100vw, 1024px\" \/>\t\t\t\t\t\t\t\t\t\t\t\t\t\t\t<\/div>\n\t\t\t\t<\/div>\n\t\t\t\t<\/div>\n\t\t<div class=\"elementor-element elementor-element-57738ea e-con-full e-flex e-con e-child\" data-id=\"57738ea\" data-element_type=\"container\" data-e-type=\"container\">\n\t\t\t\t<div class=\"elementor-element elementor-element-60bfa114 elementor-widget elementor-widget-image\" data-id=\"60bfa114\" data-element_type=\"widget\" data-e-type=\"widget\" data-widget_type=\"image.default\">\n\t\t\t\t<div class=\"elementor-widget-container\">\n\t\t\t\t\t\t\t\t\t\t\t\t\t\t\t<img decoding=\"async\" width=\"440\" height=\"1024\" src=\"https:\/\/residencialsananselmo.com\/wp-content\/uploads\/2024\/11\/plano-6-440x1024.jpg\" class=\"attachment-large size-large wp-image-3084\" alt=\"\" srcset=\"https:\/\/residencialsananselmo.com\/wp-content\/uploads\/2024\/11\/plano-6-440x1024.jpg 440w, https:\/\/residencialsananselmo.com\/wp-content\/uploads\/2024\/11\/plano-6-129x300.jpg 129w, https:\/\/residencialsananselmo.com\/wp-content\/uploads\/2024\/11\/plano-6-660x1536.jpg 660w, https:\/\/residencialsananselmo.com\/wp-content\/uploads\/2024\/11\/plano-6-5x12.jpg 5w, https:\/\/residencialsananselmo.com\/wp-content\/uploads\/2024\/11\/plano-6.jpg 687w\" sizes=\"(max-width: 440px) 100vw, 440px\" \/>\t\t\t\t\t\t\t\t\t\t\t\t\t\t\t<\/div>\n\t\t\t\t<\/div>\n\t\t\t\t<\/div>\n\t\t\t\t\t<\/div>\n\t\t\t\t<\/div>\n\t\t<div class=\"elementor-element elementor-element-14f7a54 e-flex e-con-boxed e-con e-parent\" data-id=\"14f7a54\" data-element_type=\"container\" data-e-type=\"container\" data-settings=\"{&quot;background_background&quot;:&quot;classic&quot;}\">\n\t\t\t\t\t<div class=\"e-con-inner\">\n\t\t\t\t<div class=\"elementor-element elementor-element-24e23b32 elementor-widget elementor-widget-heading\" data-id=\"24e23b32\" data-element_type=\"widget\" data-e-type=\"widget\" data-widget_type=\"heading.default\">\n\t\t\t\t<div class=\"elementor-widget-container\">\n\t\t\t\t\t<h2 class=\"elementor-heading-title elementor-size-default\">Contamos con un atractivo plan de financiamiento:<\/h2>\t\t\t\t<\/div>\n\t\t\t\t<\/div>\n\t\t\t\t<div class=\"elementor-element elementor-element-67f3e492 elementor-widget elementor-widget-heading\" data-id=\"67f3e492\" data-element_type=\"widget\" data-e-type=\"widget\" data-widget_type=\"heading.default\">\n\t\t\t\t<div class=\"elementor-widget-container\">\n\t\t\t\t\t<h2 class=\"elementor-heading-title elementor-size-default\">Enganche de solo<\/h2>\t\t\t\t<\/div>\n\t\t\t\t<\/div>\n\t\t\t\t<div class=\"elementor-element elementor-element-273a6b16 elementor-widget elementor-widget-heading\" data-id=\"273a6b16\" data-element_type=\"widget\" data-e-type=\"widget\" data-widget_type=\"heading.default\">\n\t\t\t\t<div class=\"elementor-widget-container\">\n\t\t\t\t\t<h2 class=\"elementor-heading-title elementor-size-default\">30%<\/h2>\t\t\t\t<\/div>\n\t\t\t\t<\/div>\n\t\t\t\t<div class=\"elementor-element elementor-element-72a5b832 elementor-widget elementor-widget-heading\" data-id=\"72a5b832\" data-element_type=\"widget\" data-e-type=\"widget\" data-widget_type=\"heading.default\">\n\t\t\t\t<div class=\"elementor-widget-container\">\n\t\t\t\t\t<h2 class=\"elementor-heading-title elementor-size-default\">y hasta<\/h2>\t\t\t\t<\/div>\n\t\t\t\t<\/div>\n\t\t\t\t<div class=\"elementor-element elementor-element-7b1451ee elementor-widget elementor-widget-heading\" data-id=\"7b1451ee\" data-element_type=\"widget\" data-e-type=\"widget\" data-widget_type=\"heading.default\">\n\t\t\t\t<div class=\"elementor-widget-container\">\n\t\t\t\t\t<h2 class=\"elementor-heading-title elementor-size-default\">48 MSI<\/h2>\t\t\t\t<\/div>\n\t\t\t\t<\/div>\n\t\t\t\t<div class=\"elementor-element elementor-element-58ddd168 elementor-widget elementor-widget-image\" data-id=\"58ddd168\" data-element_type=\"widget\" data-e-type=\"widget\" data-widget_type=\"image.default\">\n\t\t\t\t<div class=\"elementor-widget-container\">\n\t\t\t\t\t\t\t\t\t\t\t\t\t\t\t<img loading=\"lazy\" decoding=\"async\" width=\"1024\" height=\"512\" src=\"https:\/\/residencialsananselmo.com\/wp-content\/uploads\/2024\/11\/escudos2-1024x512.png\" class=\"attachment-large size-large wp-image-2879\" alt=\"\" srcset=\"https:\/\/residencialsananselmo.com\/wp-content\/uploads\/2024\/11\/escudos2-1024x512.png 1024w, https:\/\/residencialsananselmo.com\/wp-content\/uploads\/2024\/11\/escudos2-300x150.png 300w, https:\/\/residencialsananselmo.com\/wp-content\/uploads\/2024\/11\/escudos2-768x384.png 768w, https:\/\/residencialsananselmo.com\/wp-content\/uploads\/2024\/11\/escudos2-1536x768.png 1536w, https:\/\/residencialsananselmo.com\/wp-content\/uploads\/2024\/11\/escudos2-18x9.png 18w, https:\/\/residencialsananselmo.com\/wp-content\/uploads\/2024\/11\/escudos2.png 1561w\" sizes=\"(max-width: 1024px) 100vw, 1024px\" \/>\t\t\t\t\t\t\t\t\t\t\t\t\t\t\t<\/div>\n\t\t\t\t<\/div>\n\t\t\t\t\t<\/div>\n\t\t\t\t<\/div>\n\t\t<div class=\"elementor-element elementor-element-3334992e e-flex e-con-boxed e-con e-parent\" data-id=\"3334992e\" data-element_type=\"container\" data-e-type=\"container\">\n\t\t\t\t\t<div class=\"e-con-inner\">\n\t\t<div class=\"elementor-element elementor-element-5b249859 e-flex e-con-boxed e-con e-child\" data-id=\"5b249859\" data-element_type=\"container\" data-e-type=\"container\">\n\t\t\t\t\t<div class=\"e-con-inner\">\n\t\t<div class=\"elementor-element elementor-element-217b8c6c e-con-full e-flex e-con e-child\" data-id=\"217b8c6c\" data-element_type=\"container\" data-e-type=\"container\">\n\t\t\t\t<div class=\"elementor-element elementor-element-7b613537 elementor-widget elementor-widget-heading\" data-id=\"7b613537\" data-element_type=\"widget\" data-e-type=\"widget\" data-widget_type=\"heading.default\">\n\t\t\t\t<div class=\"elementor-widget-container\">\n\t\t\t\t\t<h2 class=\"elementor-heading-title elementor-size-default\">\u00bfDesea que uno de nuestros asesores inmobiliario le contacte?<\/h2>\t\t\t\t<\/div>\n\t\t\t\t<\/div>\n\t\t\t\t<\/div>\n\t\t<div class=\"elementor-element elementor-element-6b05b05d e-con-full e-flex e-con e-child\" data-id=\"6b05b05d\" data-element_type=\"container\" data-e-type=\"container\">\n\t\t\t\t<div class=\"elementor-element elementor-element-445d370 elementor-tablet-align-right elementor-mobile-align-center elementor-align-right elementor-widget elementor-widget-button\" data-id=\"445d370\" data-element_type=\"widget\" data-e-type=\"widget\" data-widget_type=\"button.default\">\n\t\t\t\t<div class=\"elementor-widget-container\">\n\t\t\t\t\t\t\t\t\t<div class=\"elementor-button-wrapper\">\n\t\t\t\t\t<a class=\"elementor-button elementor-button-link elementor-size-sm\" href=\"https:\/\/residencialsananselmo.com\/en\/contactenos\/\">\n\t\t\t\t\t\t<span class=\"elementor-button-content-wrapper\">\n\t\t\t\t\t\t<span class=\"elementor-button-icon\">\n\t\t\t\t<svg aria-hidden=\"true\" class=\"e-font-icon-svg e-far-address-book\" viewbox=\"0 0 448 512\" xmlns=\"http:\/\/www.w3.org\/2000\/svg\"><path d=\"M436 160c6.6 0 12-5.4 12-12v-40c0-6.6-5.4-12-12-12h-20V48c0-26.5-21.5-48-48-48H48C21.5 0 0 21.5 0 48v416c0 26.5 21.5 48 48 48h320c26.5 0 48-21.5 48-48v-48h20c6.6 0 12-5.4 12-12v-40c0-6.6-5.4-12-12-12h-20v-64h20c6.6 0 12-5.4 12-12v-40c0-6.6-5.4-12-12-12h-20v-64h20zm-68 304H48V48h320v416zM208 256c35.3 0 64-28.7 64-64s-28.7-64-64-64-64 28.7-64 64 28.7 64 64 64zm-89.6 128h179.2c12.4 0 22.4-8.6 22.4-19.2v-19.2c0-31.8-30.1-57.6-67.2-57.6-10.8 0-18.7 8-44.8 8-26.9 0-33.4-8-44.8-8-37.1 0-67.2 25.8-67.2 57.6v19.2c0 10.6 10 19.2 22.4 19.2z\"><\/path><\/svg>\t\t\t<\/span>\n\t\t\t\t\t\t\t\t\t<span class=\"elementor-button-text\">To schedule an appointment<\/span>\n\t\t\t\t\t<\/span>\n\t\t\t\t\t<\/a>\n\t\t\t\t<\/div>\n\t\t\t\t\t\t\t\t<\/div>\n\t\t\t\t<\/div>\n\t\t\t\t<\/div>\n\t\t\t\t\t<\/div>\n\t\t\t\t<\/div>\n\t\t\t\t\t<\/div>\n\t\t\t\t<\/div>\n\t\t<div class=\"elementor-element elementor-element-5ad3cb75 e-flex e-con-boxed e-con e-parent\" data-id=\"5ad3cb75\" data-element_type=\"container\" data-e-type=\"container\">\n\t\t\t\t\t<div class=\"e-con-inner\">\n\t\t<a class=\"elementor-element elementor-element-13faf6a7 e-con-full e-flex e-con e-child\" data-id=\"13faf6a7\" data-element_type=\"container\" data-e-type=\"container\" data-settings=\"{&quot;background_background&quot;:&quot;classic&quot;}\" href=\"https:\/\/residencialsananselmo.com\/en\/modelo-5\/\">\n\t\t\t\t<div class=\"elementor-element elementor-element-6d2316c5 elementor-widget elementor-widget-heading\" data-id=\"6d2316c5\" data-element_type=\"widget\" data-e-type=\"widget\" data-widget_type=\"heading.default\">\n\t\t\t\t<div class=\"elementor-widget-container\">\n\t\t\t\t\t<h2 class=\"elementor-heading-title elementor-size-default\">&lt; Modelo 5<\/h2>\t\t\t\t<\/div>\n\t\t\t\t<\/div>\n\t\t\t\t<\/a>\n\t\t<a class=\"elementor-element elementor-element-1e336f7 e-con-full e-flex e-con e-child\" data-id=\"1e336f7\" data-element_type=\"container\" data-e-type=\"container\" data-settings=\"{&quot;background_background&quot;:&quot;classic&quot;}\" href=\"https:\/\/residencialsananselmo.com\/en\/country-houses\/\">\n\t\t\t\t<div class=\"elementor-element elementor-element-45ffbdfa elementor-widget elementor-widget-heading\" data-id=\"45ffbdfa\" data-element_type=\"widget\" data-e-type=\"widget\" data-widget_type=\"heading.default\">\n\t\t\t\t<div class=\"elementor-widget-container\">\n\t\t\t\t\t<h2 class=\"elementor-heading-title elementor-size-default\">Country Houses &gt;<\/h2>\t\t\t\t<\/div>\n\t\t\t\t<\/div>\n\t\t\t\t<\/a>\n\t\t\t\t\t<\/div>\n\t\t\t\t<\/div>\n\t\t\t\t<\/div>","protected":false},"excerpt":{"rendered":"<p>Este modelo de una rec\u00e1mara en un solo nivel ofrece un espacio pr\u00e1ctico y acogedor. Ideal para quienes buscan simplicidad y confort, combina dise\u00f1o funcional con acabados de alta calidad, brindando un ambiente perfecto para descansar y disfrutar SUPERFICIE 166 m2 1 REC\u00c1MARA Y 1 NIVEL Contamos con un atractivo plan de financiamiento: Enganche de [&hellip;]<\/p>\n","protected":false},"author":1,"featured_media":0,"parent":0,"menu_order":0,"comment_status":"closed","ping_status":"closed","template":"","meta":{"om_disable_all_campaigns":false,"_monsterinsights_skip_tracking":false,"_monsterinsights_sitenote_active":false,"_monsterinsights_sitenote_note":"","_monsterinsights_sitenote_category":0,"_joinchat":[],"footnotes":""},"class_list":["post-3068","page","type-page","status-publish","hentry"],"blocksy_meta":[],"aioseo_notices":[],"_links":{"self":[{"href":"https:\/\/residencialsananselmo.com\/en\/wp-json\/wp\/v2\/pages\/3068","targetHints":{"allow":["GET"]}}],"collection":[{"href":"https:\/\/residencialsananselmo.com\/en\/wp-json\/wp\/v2\/pages"}],"about":[{"href":"https:\/\/residencialsananselmo.com\/en\/wp-json\/wp\/v2\/types\/page"}],"author":[{"embeddable":true,"href":"https:\/\/residencialsananselmo.com\/en\/wp-json\/wp\/v2\/users\/1"}],"replies":[{"embeddable":true,"href":"https:\/\/residencialsananselmo.com\/en\/wp-json\/wp\/v2\/comments?post=3068"}],"version-history":[{"count":10,"href":"https:\/\/residencialsananselmo.com\/en\/wp-json\/wp\/v2\/pages\/3068\/revisions"}],"predecessor-version":[{"id":3216,"href":"https:\/\/residencialsananselmo.com\/en\/wp-json\/wp\/v2\/pages\/3068\/revisions\/3216"}],"wp:attachment":[{"href":"https:\/\/residencialsananselmo.com\/en\/wp-json\/wp\/v2\/media?parent=3068"}],"curies":[{"name":"wp","href":"https:\/\/api.w.org\/{rel}","templated":true}]}}